{"id":656,"date":"2014-05-13T15:32:23","date_gmt":"2014-05-13T15:32:23","guid":{"rendered":"https:\/\/www.posadadelparque.cl\/2014\/?page_id=656"},"modified":"2022-02-01T17:53:31","modified_gmt":"2022-02-01T20:53:31","slug":"habitacion-aventurero","status":"publish","type":"page","link":"https:\/\/www.posadadelparque.cl\/2014\/habitacion-aventurero\/","title":{"rendered":"ALOJAMIENTO AVENTURERO"},"content":{"rendered":"\n<div class=\"wp-block-image\"><figure class=\"aligncenter\"><a href=\"https:\/\/www.posadadelparque.cl\/2014\/wp-content\/uploads\/2020\/05\/posadapanoramicacontentsale-scaled.jpg\"><img loading=\"lazy\" decoding=\"async\" width=\"2560\" height=\"563\" src=\"https:\/\/www.posadadelparque.cl\/2014\/wp-content\/uploads\/2020\/05\/posadapanoramicacontentsale-scaled.jpg\" alt=\"\" class=\"wp-image-1844\" srcset=\"https:\/\/www.posadadelparque.cl\/2014\/wp-content\/uploads\/2020\/05\/posadapanoramicacontentsale-scaled.jpg 2560w, https:\/\/www.posadadelparque.cl\/2014\/wp-content\/uploads\/2020\/05\/posadapanoramicacontentsale-300x66.jpg 300w, https:\/\/www.posadadelparque.cl\/2014\/wp-content\/uploads\/2020\/05\/posadapanoramicacontentsale-1024x225.jpg 1024w, https:\/\/www.posadadelparque.cl\/2014\/wp-content\/uploads\/2020\/05\/posadapanoramicacontentsale-768x169.jpg 768w, https:\/\/www.posadadelparque.cl\/2014\/wp-content\/uploads\/2020\/05\/posadapanoramicacontentsale-1536x338.jpg 1536w, https:\/\/www.posadadelparque.cl\/2014\/wp-content\/uploads\/2020\/05\/posadapanoramicacontentsale-2048x450.jpg 2048w\" sizes=\"auto, (max-width: 2560px) 100vw, 2560px\" \/><\/a><\/figure><\/div>\n\n\n<div class=\"one_half\"><a href=\"https:\/\/www.posadadelparque.cl\/2014\/wp-content\/uploads\/2020\/04\/carpa-voladora2-compressor_optimized-scaled.jpg\"><img loading=\"lazy\" decoding=\"async\" class=\"wp-image-1632 aligncenter\" src=\"https:\/\/www.posadadelparque.cl\/2014\/wp-content\/uploads\/2020\/04\/carpa-voladora2-compressor_optimized-1024x768.jpg\" alt=\"\" width=\"490\" height=\"368\" srcset=\"https:\/\/www.posadadelparque.cl\/2014\/wp-content\/uploads\/2020\/04\/carpa-voladora2-compressor_optimized-1024x768.jpg 1024w, https:\/\/www.posadadelparque.cl\/2014\/wp-content\/uploads\/2020\/04\/carpa-voladora2-compressor_optimized-300x225.jpg 300w, https:\/\/www.posadadelparque.cl\/2014\/wp-content\/uploads\/2020\/04\/carpa-voladora2-compressor_optimized-768x576.jpg 768w, https:\/\/www.posadadelparque.cl\/2014\/wp-content\/uploads\/2020\/04\/carpa-voladora2-compressor_optimized-1536x1152.jpg 1536w, https:\/\/www.posadadelparque.cl\/2014\/wp-content\/uploads\/2020\/04\/carpa-voladora2-compressor_optimized-2048x1536.jpg 2048w\" sizes=\"auto, (max-width: 490px) 100vw, 490px\" \/><\/a><\/div>\n\n\n<div class=\"one_half last-column\"><a href=\"https:\/\/www.posadadelparque.cl\/2014\/wp-content\/uploads\/2020\/05\/carpa-2020.jpg\"><img loading=\"lazy\" decoding=\"async\" class=\"wp-image-1843  aligncenter\" src=\"https:\/\/www.posadadelparque.cl\/2014\/wp-content\/uploads\/2020\/05\/carpa-2020-e1597887132539.jpg\" alt=\"\" width=\"490\" height=\"369\" srcset=\"https:\/\/www.posadadelparque.cl\/2014\/wp-content\/uploads\/2020\/05\/carpa-2020-e1597887132539.jpg 700w, https:\/\/www.posadadelparque.cl\/2014\/wp-content\/uploads\/2020\/05\/carpa-2020-e1597887132539-300x226.jpg 300w\" sizes=\"auto, (max-width: 490px) 100vw, 490px\" \/><\/a><\/div>\n<div class=\"clear\"><\/div>\n\n\n\n<h3 class=\"wp-block-heading\"><span style=\"color: #2a9a0a;\">Trae tu carpa o disfruta de una incre\u00edble experiencia acampando en nuestras carpas en altura.<\/span><\/h3>\n\n\n\n<p><span style=\"font-family: 'Verdana','sans-serif'; color: black;\" lang=\"ES-CL\">Para aquel que quiere conectarse \u00edntimamente con la naturaleza y disfrutar de ella, observar una noche estrellada alrededor del fog\u00f3n con una rica copa de vino, en paz y tranquilidad, te invitamos a nuestro rinc\u00f3n. Un sitio inmerso en la naturaleza y con los servicios necesarios en donde podr\u00e1s disponer de un sitio con luz solar, agua, mesa de camping y parrilla.&nbsp;<\/span><\/p>\n\n\n\n<p><span style=\"font-family: 'Verdana','sans-serif'; color: black;\" lang=\"ES-CL\">Y ahora tambi\u00e9n puedes experimentar la aventura de dormir en las alturas en nuestras carpas en el aire y disfrutar de una vista privilegiada a las maravillas que nos ofrece la naturaleza<\/span><\/p>\n\n\n\n<p>El alojamiento aventurero incluye:<\/p>\n\n\n\n<ul class=\"wp-block-list\"><li>Fog\u00f3n de bienvenida con una copa de vino<\/li><li>Marshmallows para que los ni\u00f1os asen al fuego<\/li><li>Caminata oce\u00e1nica guiada sujeta a disponibilidad de horario<\/li><li>Ba\u00f1os y ducha con agua caliente<\/li><li>Estacionamiento privado<\/li><\/ul>\n\n\n\n<div class=\"wp-block-buttons is-content-justification-center is-layout-flex wp-block-buttons-is-layout-flex\">\n<div class=\"wp-block-button\"><a class=\"wp-block-button__link\" href=\"\/reservas\/\">Reserva tu alojamiento ac\u00e1<\/a><\/div>\n<\/div>\n\n\n\n<hr class=\"wp-block-separator\"\/>\n\n\n\n<h2 class=\"wp-block-heading\"><span style=\"color: #2a9a0a;\">Pol\u00edticas de Anulaci\u00f3n&nbsp;<\/span><\/h2>\n\n\n\n<p>En el caso de que el abono est\u00e9 hecho y haya un cambio de fecha o anulaci\u00f3n con 7 d\u00edas de anticipaci\u00f3n, se hace la devoluci\u00f3n del 100%.<br>En el caso de que la anulaci\u00f3n o cambio de fecha sea con 5 d\u00edas de anticipaci\u00f3n se hace devoluci\u00f3n del 50% del abono.<br>Por otro lado, si hay anulaci\u00f3n el mismo d\u00eda por razones de fuerza mayor, ya sea condiciones clim\u00e1ticas, accidentes u otros, no hay problema en cambiar la fecha, si fuera as\u00ed, del abono, se descontar\u00eda solo un 30% y en el caso de anular el alojamiento no habr\u00e1 devoluci\u00f3n del abono.<\/p>\n","protected":false},"excerpt":{"rendered":"<p>Trae tu carpa o disfruta de una incre\u00edble experiencia acampando en nuestras carpas en altura. Para aquel que quiere conectarse \u00edntimamente con la naturaleza y disfrutar de ella, observar una noche estrellada alrededor del fog\u00f3n con una rica copa de vino, en paz y tranquilidad, te invitamos a nuestro rinc\u00f3n. Un sitio inmerso en la naturaleza y con los servicios necesarios en donde podr\u00e1s disponer de un sitio con luz solar, agua, mesa de camping y parrilla.&nbsp; Y ahora tambi\u00e9n puedes experimentar la aventura de dormir en las alturas en nuestras carpas en el aire y disfrutar de una vista&#8230;<\/p>\n","protected":false},"author":1,"featured_media":0,"parent":0,"menu_order":0,"comment_status":"open","ping_status":"open","template":"","meta":{"footnotes":""},"class_list":["post-656","page","type-page","status-publish","hentry"],"_links":{"self":[{"href":"https:\/\/www.posadadelparque.cl\/2014\/wp-json\/wp\/v2\/pages\/656","targetHints":{"allow":["GET"]}}],"collection":[{"href":"https:\/\/www.posadadelparque.cl\/2014\/wp-json\/wp\/v2\/pages"}],"about":[{"href":"https:\/\/www.posadadelparque.cl\/2014\/wp-json\/wp\/v2\/types\/page"}],"author":[{"embeddable":true,"href":"https:\/\/www.posadadelparque.cl\/2014\/wp-json\/wp\/v2\/users\/1"}],"replies":[{"embeddable":true,"href":"https:\/\/www.posadadelparque.cl\/2014\/wp-json\/wp\/v2\/comments?post=656"}],"version-history":[{"count":21,"href":"https:\/\/www.posadadelparque.cl\/2014\/wp-json\/wp\/v2\/pages\/656\/revisions"}],"predecessor-version":[{"id":2863,"href":"https:\/\/www.posadadelparque.cl\/2014\/wp-json\/wp\/v2\/pages\/656\/revisions\/2863"}],"wp:attachment":[{"href":"https:\/\/www.posadadelparque.cl\/2014\/wp-json\/wp\/v2\/media?parent=656"}],"curies":[{"name":"wp","href":"https:\/\/api.w.org\/{rel}","templated":true}]}}