{"id":630,"date":"2014-05-13T15:16:45","date_gmt":"2014-05-13T15:16:45","guid":{"rendered":"https:\/\/www.posadadelparque.cl\/2014\/?page_id=630"},"modified":"2026-04-14T20:12:09","modified_gmt":"2026-04-15T00:12:09","slug":"habitacion-single","status":"publish","type":"page","link":"https:\/\/www.posadadelparque.cl\/2014\/habitacion-single\/","title":{"rendered":"HABITACI\u00d3N SINGLE"},"content":{"rendered":"<div class=\"one_half\"><a href=\"https:\/\/www.posadadelparque.cl\/2014\/wp-content\/uploads\/2020\/08\/habitacion-1-scaled.jpg\"><img loading=\"lazy\" decoding=\"async\" class=\"alignnone wp-image-2214 \" src=\"https:\/\/www.posadadelparque.cl\/2014\/wp-content\/uploads\/2020\/08\/habitacion-1-1024x768.jpg\" alt=\"\" width=\"431\" height=\"323\" srcset=\"https:\/\/www.posadadelparque.cl\/2014\/wp-content\/uploads\/2020\/08\/habitacion-1-1024x768.jpg 1024w, https:\/\/www.posadadelparque.cl\/2014\/wp-content\/uploads\/2020\/08\/habitacion-1-300x225.jpg 300w, https:\/\/www.posadadelparque.cl\/2014\/wp-content\/uploads\/2020\/08\/habitacion-1-768x576.jpg 768w, https:\/\/www.posadadelparque.cl\/2014\/wp-content\/uploads\/2020\/08\/habitacion-1-1536x1152.jpg 1536w, https:\/\/www.posadadelparque.cl\/2014\/wp-content\/uploads\/2020\/08\/habitacion-1-2048x1536.jpg 2048w\" sizes=\"auto, (max-width: 431px) 100vw, 431px\" \/><\/a><a href=\"https:\/\/www.posadadelparque.cl\/2014\/wp-content\/uploads\/2020\/04\/hab1-7-compressor_optimized-scaled.jpg\">\u00a0 \u00a0<\/a><\/div>\n\n\n<div class=\"one_half last-column\"><a href=\"https:\/\/www.posadadelparque.cl\/2014\/wp-content\/uploads\/2020\/04\/hab1-7-compressor_optimized-scaled.jpg\"><img loading=\"lazy\" decoding=\"async\" class=\"wp-image-1620 alignleft\" src=\"https:\/\/www.posadadelparque.cl\/2014\/wp-content\/uploads\/2020\/04\/hab1-7-compressor_optimized-1024x768.jpg\" alt=\"\" width=\"431\" height=\"323\" srcset=\"https:\/\/www.posadadelparque.cl\/2014\/wp-content\/uploads\/2020\/04\/hab1-7-compressor_optimized-1024x768.jpg 1024w, https:\/\/www.posadadelparque.cl\/2014\/wp-content\/uploads\/2020\/04\/hab1-7-compressor_optimized-300x225.jpg 300w, https:\/\/www.posadadelparque.cl\/2014\/wp-content\/uploads\/2020\/04\/hab1-7-compressor_optimized-768x576.jpg 768w, https:\/\/www.posadadelparque.cl\/2014\/wp-content\/uploads\/2020\/04\/hab1-7-compressor_optimized-1536x1152.jpg 1536w, https:\/\/www.posadadelparque.cl\/2014\/wp-content\/uploads\/2020\/04\/hab1-7-compressor_optimized-2048x1536.jpg 2048w\" sizes=\"auto, (max-width: 431px) 100vw, 431px\" \/><\/a><\/div>\n<div class=\"clear\"><\/div>\n\n\n<div class=\"one_half\"><a href=\"https:\/\/www.posadadelparque.cl\/2014\/wp-content\/uploads\/2014\/12\/ba\u00f1opieza1b-e1597885584122.jpg\"><img loading=\"lazy\" decoding=\"async\" class=\"alignnone wp-image-895 \" src=\"https:\/\/www.posadadelparque.cl\/2014\/wp-content\/uploads\/2014\/12\/ba\u00f1opieza1b-e1597885637492-300x230.jpg\" alt=\"\" width=\"430\" height=\"330\" srcset=\"https:\/\/www.posadadelparque.cl\/2014\/wp-content\/uploads\/2014\/12\/ba\u00f1opieza1b-e1597885637492-300x230.jpg 300w, https:\/\/www.posadadelparque.cl\/2014\/wp-content\/uploads\/2014\/12\/ba\u00f1opieza1b-e1597885637492-768x589.jpg 768w, https:\/\/www.posadadelparque.cl\/2014\/wp-content\/uploads\/2014\/12\/ba\u00f1opieza1b-e1597885637492.jpg 960w\" sizes=\"auto, (max-width: 430px) 100vw, 430px\" \/><\/a><\/div>\n\n\n<div class=\"one_half last-column\"><a href=\"https:\/\/www.posadadelparque.cl\/2014\/wp-content\/uploads\/2020\/04\/hab1-2-compressor-scaled.jpg\"><img loading=\"lazy\" decoding=\"async\" class=\"wp-image-1601 alignleft\" src=\"https:\/\/www.posadadelparque.cl\/2014\/wp-content\/uploads\/2020\/04\/hab1-2-compressor-1024x768.jpg\" alt=\"\" width=\"431\" height=\"323\" srcset=\"https:\/\/www.posadadelparque.cl\/2014\/wp-content\/uploads\/2020\/04\/hab1-2-compressor-1024x768.jpg 1024w, https:\/\/www.posadadelparque.cl\/2014\/wp-content\/uploads\/2020\/04\/hab1-2-compressor-300x225.jpg 300w, https:\/\/www.posadadelparque.cl\/2014\/wp-content\/uploads\/2020\/04\/hab1-2-compressor-768x576.jpg 768w, https:\/\/www.posadadelparque.cl\/2014\/wp-content\/uploads\/2020\/04\/hab1-2-compressor-1536x1152.jpg 1536w, https:\/\/www.posadadelparque.cl\/2014\/wp-content\/uploads\/2020\/04\/hab1-2-compressor-2048x1536.jpg 2048w\" sizes=\"auto, (max-width: 431px) 100vw, 431px\" \/><\/a><\/div>\n<div class=\"clear\"><\/div>\n\n\n\n<p>Nuestra habitaci\u00f3n matrimonial est\u00e1 dise\u00f1ada para ofrecer comodidad y conexi\u00f3n con el entorno natural, en un ambiente acogedor y tranquilo.<\/p>\n\n\n\n<p><strong>Est\u00e1 equipada con<\/strong><\/p>\n\n\n\n<ul class=\"wp-block-list\">\n<li>Cama matrimonial<\/li>\n\n\n\n<li>Ba\u00f1o privado en suite<\/li>\n\n\n\n<li>Televisi\u00f3n Satelital y calefacci\u00f3n con tiro balanceado.<\/li>\n\n\n\n<li>Terraza exterior con vista al entorno natural y al humedal.<\/li>\n\n\n\n<li>Estacionamiento incluido.<\/li>\n\n\n\n<li>Vajilla para 2 personas<\/li>\n<\/ul>\n\n\n\n<p><strong>Servicios incluidos en la estad\u00eda<\/strong><\/p>\n\n\n\n<ul class=\"wp-block-list\">\n<li>Desayuno servido en la habitaci\u00f3n.<\/li>\n\n\n\n<li>Cafeter\u00eda nocturna a la habitaci\u00f3n.<\/li>\n\n\n\n<li>Noche de fog\u00f3n.<\/li>\n\n\n\n<li>Acceso libre al parque las 24 horas.<\/li>\n\n\n\n<li>Parrilla disponible para asados, a solicitud.<\/li>\n\n\n\n<li>Servicio de camarera<\/li>\n\n\n\n<li>Acceso a WiFi en \u00e1reas comunes<\/li>\n\n\n\n<li>Uso de sala de lectura, juegos de mesa y televisi\u00f3n (pr\u00f3ximamente)<\/li>\n\n\n\n<li>Una actividad grupal incluida (a coordinar seg\u00fan disponibilidad)<\/li>\n\n\n\n<li>Pet friendly: sus mascotas son bienvenidas siempre que permanezcan a los alrededores de la Posada y no ingresen al humedal.<\/li>\n<\/ul>\n\n\n\n<div class=\"wp-block-buttons is-horizontal is-content-justification-center is-layout-flex wp-container-core-buttons-is-layout-499968f5 wp-block-buttons-is-layout-flex\">\n<div class=\"wp-block-button\"><a class=\"wp-block-button__link wp-element-button\" href=\"\/reservas\/\">Reserva tu habitaci\u00f3n single ac\u00e1<\/a><\/div>\n<\/div>\n\n\n\n<h2 class=\"wp-block-heading\"><span style=\"color: #2a9a0a;\">Pol\u00edticas de Anulaci\u00f3n<\/span> <\/h2>\n\n\n\n<p>En el caso de que el abono est\u00e9 hecho y haya un cambio de fecha o anulaci\u00f3n con 15 d\u00edas o m\u00e1s de anticipaci\u00f3n, se hace la devoluci\u00f3n del 100%.<br>En el caso de que la anulaci\u00f3n o cambio de fecha sea entre 5 y 14 d\u00edas de anticipaci\u00f3n se hace devoluci\u00f3n del 30% del abono.<br>Por otro lado, si hay anulaci\u00f3n el mismo d\u00eda por razones de fuerza mayor, ya sea condiciones clim\u00e1ticas, accidentes u otros, no hay problema en cambiar la fecha, si fuera as\u00ed, del abono, se descontar\u00eda solo un 30% y en el caso de anular el alojamiento no habr\u00e1 devoluci\u00f3n del abono.<\/p>\n\n\n\n<p><\/p>\n","protected":false},"excerpt":{"rendered":"<p>Nuestra habitaci\u00f3n matrimonial est\u00e1 dise\u00f1ada para ofrecer comodidad y conexi\u00f3n con el entorno natural, en un ambiente acogedor y tranquilo. Est\u00e1 equipada con Servicios incluidos en la estad\u00eda Pol\u00edticas de Anulaci\u00f3n En el caso de que el abono est\u00e9 hecho y haya un cambio de fecha o anulaci\u00f3n con 15 d\u00edas o m\u00e1s de anticipaci\u00f3n, se hace la devoluci\u00f3n del 100%.En el caso de que la anulaci\u00f3n o cambio de fecha sea entre 5 y 14 d\u00edas de anticipaci\u00f3n se hace devoluci\u00f3n del 30% del abono.Por otro lado, si hay anulaci\u00f3n el mismo d\u00eda por razones de fuerza mayor, ya&#8230;<\/p>\n","protected":false},"author":1,"featured_media":0,"parent":0,"menu_order":0,"comment_status":"open","ping_status":"open","template":"","meta":{"footnotes":""},"class_list":["post-630","page","type-page","status-publish","hentry"],"_links":{"self":[{"href":"https:\/\/www.posadadelparque.cl\/2014\/wp-json\/wp\/v2\/pages\/630","targetHints":{"allow":["GET"]}}],"collection":[{"href":"https:\/\/www.posadadelparque.cl\/2014\/wp-json\/wp\/v2\/pages"}],"about":[{"href":"https:\/\/www.posadadelparque.cl\/2014\/wp-json\/wp\/v2\/types\/page"}],"author":[{"embeddable":true,"href":"https:\/\/www.posadadelparque.cl\/2014\/wp-json\/wp\/v2\/users\/1"}],"replies":[{"embeddable":true,"href":"https:\/\/www.posadadelparque.cl\/2014\/wp-json\/wp\/v2\/comments?post=630"}],"version-history":[{"count":28,"href":"https:\/\/www.posadadelparque.cl\/2014\/wp-json\/wp\/v2\/pages\/630\/revisions"}],"predecessor-version":[{"id":2899,"href":"https:\/\/www.posadadelparque.cl\/2014\/wp-json\/wp\/v2\/pages\/630\/revisions\/2899"}],"wp:attachment":[{"href":"https:\/\/www.posadadelparque.cl\/2014\/wp-json\/wp\/v2\/media?parent=630"}],"curies":[{"name":"wp","href":"https:\/\/api.w.org\/{rel}","templated":true}]}}