{"id":5,"date":"2014-02-28T20:37:06","date_gmt":"2014-02-28T20:37:06","guid":{"rendered":"https:\/\/www.posadadelparque.cl\/2014\/?page_id=5"},"modified":"2026-04-21T21:06:05","modified_gmt":"2026-04-22T01:06:05","slug":"home","status":"publish","type":"page","link":"https:\/\/www.posadadelparque.cl\/2014\/","title":{"rendered":"HOME"},"content":{"rendered":"\n<h1 class=\"wp-block-heading text-center\">Bienvenidos a<br><span style=\"color:#2A9A0A;\">Posada del Parque<\/span><br><small><strong><span style=\"color:#2A9A0A;\">&#8230;Te invitamos a ser parte de nuestra causa&#8230;<\/span><\/strong><\/small><\/h1>\n\n\n\n<div class=\"wp-block-columns is-layout-flex wp-container-core-columns-is-layout-9d6595d7 wp-block-columns-is-layout-flex\">\n<div class=\"wp-block-column is-vertically-aligned-top is-layout-flow wp-block-column-is-layout-flow\">\n<h4 class=\"wp-block-heading\"><a href=\"\/alojamiento\/\" data-type=\"URL\"><span style=\"color:#2a9a0a\" class=\"has-inline-color\">Alojamiento \/ Casa rodante \/ Camping \/ Safari<\/span><\/a><\/h4>\n\n\n\n<figure class=\"wp-block-image size-large\"><a href=\"https:\/\/www.posadadelparque.cl\/2014\/wp-content\/uploads\/2026\/04\/habitacion61liv-scaled.jpeg\"><img loading=\"lazy\" decoding=\"async\" width=\"1024\" height=\"683\" src=\"https:\/\/www.posadadelparque.cl\/2014\/wp-content\/uploads\/2026\/04\/habitacion61liv-1024x683.jpeg\" alt=\"\" class=\"wp-image-2845\" style=\"aspect-ratio:1.3344370860927153\" srcset=\"https:\/\/www.posadadelparque.cl\/2014\/wp-content\/uploads\/2026\/04\/habitacion61liv-1024x683.jpeg 1024w, https:\/\/www.posadadelparque.cl\/2014\/wp-content\/uploads\/2026\/04\/habitacion61liv-300x200.jpeg 300w, https:\/\/www.posadadelparque.cl\/2014\/wp-content\/uploads\/2026\/04\/habitacion61liv-768x512.jpeg 768w, https:\/\/www.posadadelparque.cl\/2014\/wp-content\/uploads\/2026\/04\/habitacion61liv-1536x1024.jpeg 1536w, https:\/\/www.posadadelparque.cl\/2014\/wp-content\/uploads\/2026\/04\/habitacion61liv-2048x1365.jpeg 2048w\" sizes=\"auto, (max-width: 1024px) 100vw, 1024px\" \/><\/a><\/figure>\n\n\n\n<p class=\"has-text-align-left\">Ubicada en el coraz\u00f3n del Humedal de Mantagua, a solo 90 minutos de Santiago, 20 minutos de Vi\u00f1a del Mar y 5 minutos de Conc\u00f3n.<\/p>\n\n\n\n<p class=\"has-text-align-left\">Posada del Parque es un lodge de ecoturismo que invita a vivir una experiencia de descanso profundo, conexi\u00f3n con lo esencial, disfrutando de un turismo sustentable, responsable y con sentido. M\u00e1s que un alojamiento, somos un espacio de regeneraci\u00f3n donde cada visita contribuye activamente a la restauraci\u00f3n, protecci\u00f3n y conservaci\u00f3n de uno de los humedales m\u00e1s importantes del pa\u00eds. <\/p>\n\n\n\n<p class=\"has-text-align-left\">Cada amanecer se vive al ritmo del canto de las aves, entre los bosques y la inmensidad de un paisaje que integra mar, dunas, humedal y bosque nativo.<\/p>\n\n\n\n<p>Disponemos de:<\/p>\n\n\n\n<ul class=\"wp-block-list\">\n<li>Cinco habitaciones en un ambiente familiar para 1 a 5 personas.<\/li>\n\n\n\n<li>8 sitios para Motorhome, caravan o casa rodante.<\/li>\n\n\n\n<li>4 sitios para camping<\/li>\n\n\n\n<li>2 carpas Safari<\/li>\n<\/ul>\n<\/div>\n\n\n\n<div class=\"wp-block-column is-vertically-aligned-top is-layout-flow wp-block-column-is-layout-flow\">\n<h4 class=\"wp-block-heading\"><a href=\"\/actividades-2\/\"><span style=\"color:#2a9a0a\" class=\"has-inline-color\">Actividades al aire libre \/ Entrada al parque<\/span><\/a><\/h4>\n\n\n\n<figure class=\"wp-block-image size-full\"><a href=\"https:\/\/www.posadadelparque.cl\/2014\/wp-content\/uploads\/2021\/06\/1381344772-13-e1775600813514.jpg\"><img loading=\"lazy\" decoding=\"async\" width=\"667\" height=\"500\" src=\"https:\/\/www.posadadelparque.cl\/2014\/wp-content\/uploads\/2021\/06\/1381344772-13-e1775600813514.jpg\" alt=\"\" class=\"wp-image-2455\" srcset=\"https:\/\/www.posadadelparque.cl\/2014\/wp-content\/uploads\/2021\/06\/1381344772-13-e1775600813514.jpg 667w, https:\/\/www.posadadelparque.cl\/2014\/wp-content\/uploads\/2021\/06\/1381344772-13-e1775600813514-300x225.jpg 300w\" sizes=\"auto, (max-width: 667px) 100vw, 667px\" \/><\/a><\/figure>\n\n\n\n<p>Vive, aprende y s\u00e9 parte de la conservaci\u00f3n, en Posada del Parque te ofrecemos experiencias \u00fanicas en plena naturaleza, donde cada actividad combina disfrute, aprendizaje y un prop\u00f3sito claro: aportar a la restauraci\u00f3n del Humedal de Mantagua.<\/p>\n\n\n\n<p>Descubre uno de los humedales con mayor diversidad de fauna y flora en Chile, 225 especies de fauna vertebrada, de las cuales 11 son especies de peces, 4 de anfibios, 8 de reptiles, 176 aves y 26 especies de mam\u00edferos. Todo esto podr\u00e1s conocer a traves de nuestras diversas actividades:<\/p>\n\n\n\n<ul class=\"wp-block-list\">\n<li>Trekking interpretativo y recorridos tem\u00e1ticos<\/li>\n\n\n\n<li>Birdwatching guiado<\/li>\n\n\n\n<li>Educaci\u00f3n cient\u00edfico-ambiental para colegios y universidades<\/li>\n\n\n\n<li>Educacion entretenida<\/li>\n\n\n\n<li>Talleres de fin de semana (naturaleza, ciencia y creatividad)<\/li>\n\n\n\n<li>Escuelas de verano e invierno para ni\u00f1os<\/li>\n\n\n\n<li>Cumplea\u00f1os en la naturaleza<\/li>\n\n\n\n<li>Eventos y actividades para empresas<\/li>\n\n\n\n<li>Uso de intalaciones para paseos<\/li>\n<\/ul>\n\n\n\n<p>Aqu\u00ed adem\u00e1s de observar y recorrer\u2026 puedes ser parte activa de la restauraci\u00f3n.<\/p>\n<\/div>\n<\/div>\n\n\n\n<div class=\"wp-block-columns is-layout-flex wp-container-core-columns-is-layout-9d6595d7 wp-block-columns-is-layout-flex\">\n<div class=\"wp-block-column is-layout-flow wp-block-column-is-layout-flow\">\n<h4 class=\"wp-block-heading\"><a href=\"\/eventos\/\"><span style=\"color:#2a9a0a\" class=\"has-inline-color\">Eventos \/ Uso de instalaciones<\/span><\/a><\/h4>\n\n\n\n<figure class=\"wp-block-image size-large\"><a href=\"\/eventos\/\"><img loading=\"lazy\" decoding=\"async\" width=\"800\" height=\"450\" src=\"https:\/\/www.posadadelparque.cl\/2014\/wp-content\/uploads\/2026\/04\/177-edited.png\" alt=\"\" class=\"wp-image-2850\" srcset=\"https:\/\/www.posadadelparque.cl\/2014\/wp-content\/uploads\/2026\/04\/177-edited.png 800w, https:\/\/www.posadadelparque.cl\/2014\/wp-content\/uploads\/2026\/04\/177-edited-300x169.png 300w, https:\/\/www.posadadelparque.cl\/2014\/wp-content\/uploads\/2026\/04\/177-edited-768x432.png 768w\" sizes=\"auto, (max-width: 800px) 100vw, 800px\" \/><\/a><\/figure>\n\n\n\n<p><strong>Gastronom\u00eda con sentido<\/strong><\/p>\n\n\n\n<p>Disfruta nuestra cocina tradicional, inspirada en recetas de la abuela, en un entorno natural \u00fanico.<br>Sabores que conectan con el alma y la naturaleza.<\/p>\n\n\n\n<p>Ofrecemos espacios para eventos, reuniones y d\u00edas de trabajo para empresas, con alimentaci\u00f3n incluida y actividades guiadas.<\/p>\n\n\n\n<p>Tambi\u00e9n puedes venir con familia o amigos y disfrutar de nuestras instalaciones (mesas, sillas y parrillas) para un asado o almuerzo al aire libre.<\/p>\n\n\n\n<p>Una experiencia que une gastronom\u00eda, naturaleza y una causa.<\/p>\n<\/div>\n\n\n\n<div class=\"wp-block-column is-layout-flow wp-block-column-is-layout-flow\">\n<h4 class=\"wp-block-heading\"><a href=\"\/educacion-ambiental\/\"><span style=\"color:#2a9a0a\" class=\"has-inline-color\">Educaci\u00f3n Ambiental \/ Investigaci\u00f3n<\/span><\/a><\/h4>\n\n\n\n<figure class=\"wp-block-image size-large\"><a href=\"https:\/\/www.posadadelparque.cl\/2014\/wp-content\/uploads\/2026\/04\/MICROSCOPIOS-scaled.jpeg\"><img loading=\"lazy\" decoding=\"async\" width=\"2560\" height=\"1440\" src=\"https:\/\/www.posadadelparque.cl\/2014\/wp-content\/uploads\/2026\/04\/MICROSCOPIOS-edited-scaled.jpeg\" alt=\"\" class=\"wp-image-2849\" srcset=\"https:\/\/www.posadadelparque.cl\/2014\/wp-content\/uploads\/2026\/04\/MICROSCOPIOS-edited-scaled.jpeg 2560w, https:\/\/www.posadadelparque.cl\/2014\/wp-content\/uploads\/2026\/04\/MICROSCOPIOS-edited-300x169.jpeg 300w, https:\/\/www.posadadelparque.cl\/2014\/wp-content\/uploads\/2026\/04\/MICROSCOPIOS-edited-1024x576.jpeg 1024w, https:\/\/www.posadadelparque.cl\/2014\/wp-content\/uploads\/2026\/04\/MICROSCOPIOS-edited-768x432.jpeg 768w, https:\/\/www.posadadelparque.cl\/2014\/wp-content\/uploads\/2026\/04\/MICROSCOPIOS-edited-1536x864.jpeg 1536w, https:\/\/www.posadadelparque.cl\/2014\/wp-content\/uploads\/2026\/04\/MICROSCOPIOS-edited-2048x1152.jpeg 2048w\" sizes=\"auto, (max-width: 2560px) 100vw, 2560px\" \/><\/a><\/figure>\n\n\n\n<p><strong>Aula a Cielo Abierto | Educaci\u00f3n con sentido en el Humedal de Mantagua.<\/strong><\/p>\n\n\n\n<p>Nuestra \u00e1rea educativa Aula a Cielo Abierto, desarrollada en Posada del Parque \u2013 Humedal de Mantagua, propone una forma de aprender que va m\u00e1s all\u00e1 de la educaci\u00f3n ambiental tradicional. Aqu\u00ed impulsamos una formaci\u00f3n integral en contacto directo con la naturaleza, donde el territorio se transforma en un verdadero laboratorio vivo.<\/p>\n\n\n\n<p>Nuestra metodolog\u00eda se basa en el aprendizaje experiencial, permitiendo que los estudiantes no solo adquieran conocimientos, sino que tambi\u00e9n observen, comprendan y participen activamente en procesos reales de restauraci\u00f3n y conservaci\u00f3n, generando un aprendizaje profundo, significativo y con sentido.<\/p>\n\n\n\n<p>Contamos con tres programas adaptables seg\u00fan la edad y los objetivos pedag\u00f3gicos de cada establecimiento:<\/p>\n\n\n\n<ul class=\"wp-block-list\">\n<li><strong>Educaci\u00f3n Cient\u00edfica Ambiental<\/strong><\/li>\n\n\n\n<li><strong>Educaci\u00f3n Ambiental<\/strong><\/li>\n\n\n\n<li><strong>Educaci\u00f3n Entretenida<\/strong><\/li>\n<\/ul>\n\n\n\n<p>Tambi\u00e9n ofrecemos una modalidad especializada para estudiantes universitarios, basada en m\u00f3dulos te\u00f3rico-pr\u00e1cticos a elecci\u00f3n, que permiten profundizar en distintas \u00e1reas como biodiversidad, restauraci\u00f3n, monitoreo de fauna, entre otros.<\/p>\n\n\n\n<p><strong>Cada experiencia culmina con una acci\u00f3n concreta de conservaci\u00f3n:<\/strong><br>Los estudiantes participan en la adopci\u00f3n y plantaci\u00f3n de un \u00e1rbol nativo, fortaleciendo su v\u00ednculo con el entorno y contribuyendo directamente a la recuperaci\u00f3n del bosque escler\u00f3filo costero, uno de los ecosistemas m\u00e1s amenazados de Chile.<\/p>\n<\/div>\n<\/div>\n\n\n\n<hr class=\"wp-block-separator has-css-opacity\"\/>\n\n\n\n<div class=\"flex-container\">\n  <div id=\"TA_selfserveprop210\" class=\"TA_selfserveprop\">\n<ul id=\"Jea6ocOo\" class=\"TA_links 4cc8Z8JCj\">\n<li id=\"za9J5bCp2qn\" class=\"JOWJUl15k\"><\/li>\n<\/ul>\n<\/div>\n<script src=\"http:\/\/www.jscache.com\/wejs?wtype=selfserveprop&amp;uniq=210&amp;locationId=2102653&amp;lang=es_CL&amp;rating=true&amp;nreviews=1&amp;writereviewlink=true&amp;popIdx=false&amp;iswide=true&amp;border=true&amp;display_version=2\"><\/script>\n\n\n<div class=\"vertical\">\n<div id=\"TA_rated663\" class=\"TA_rated\">\n<ul id=\"EPElXtLuM\" class=\"TA_links 7o9VD9Gj4zgW\">\n<li id=\"8jcWLJyT\" class=\"5gi2O05qa\"><a href=\"https:\/\/www.tripadvisor.cl\/\" target=\"_blank\" rel=\"noopener noreferrer\"><img decoding=\"async\" src=\"https:\/\/www.tripadvisor.cl\/img\/cdsi\/img2\/badges\/ollie-11424-2.gif\" alt=\"TripAdvisor\"><\/a><\/li>\n<\/ul>\n<\/div>\n<script src=\"https:\/\/www.jscache.com\/wejs?wtype=rated&amp;uniq=663&amp;locationId=2102653&amp;lang=es_CL&amp;display_version=2\"><\/script>\n\n<div id=\"TA_excellent589\" class=\"TA_excellent\">\n<ul id=\"MAwmcTI\" class=\"TA_links qUajso\">\n<li id=\"Y4QmZAu5tVlz\" class=\"7p4k0Bw\"><a href=\"https:\/\/www.tripadvisor.cl\/\" target=\"_blank\" rel=\"noopener noreferrer\"><img decoding=\"async\" id=\"CDSWIDEXCLOGO\" class=\"widEXCIMG\" src=\"https:\/\/static.tacdn.com\/img2\/widget\/tripadvisor_logo_115x18.gif\" alt=\"TripAdvisor\"><\/a><\/li>\n<\/ul>\n<\/div>\n<script src=\"https:\/\/www.jscache.com\/wejs?wtype=excellent&amp;uniq=589&amp;locationId=2102653&amp;lang=es_CL&amp;display_version=2\"><\/script>\n\n\n<\/div>\n\n\n<div id=\"hc-ratingRatingHotel\"> <div id=\"hc-ratingRatingHotel__inner\"> <img decoding=\"async\" id=\"hc-ratingRatingHotel__ribbon\" src=\"https:\/\/media.datahc.com\/ratinghotel\/stellar2\/ribbon.png\"> <span id=\"hc-ratingRatingHotel__year\">2019<\/span>\n<span id=\"hc-ratingRatingHotel__award\">RECONOCIMIENTO A LA EXCELENCIA<\/span> <div id=\"hc-ratingRatingHotel__hotelink\">\n<a id=\"hc-ratingRatingHotel__hotelname\" target=\"_blank\" href=\"void(0)\" rel=\"noopener noreferrer\">Posada del Parque Quintero<\/a> <\/div>\n<a id=\"hc-ratingRatingHotel__hclink\" target=\"_blank\" href=\"https:\/\/www.detectahotel.com\/\" rel=\"noopener noreferrer\">DetectaHotel<\/a> <\/div>\n<div id=\"hc-ratingRatingHotel__rating\"> <span id=\"hc-ratingRatingHotel__number\">9<\/span>\n<span id=\"hc-ratingRatingHotel__pipe\"><\/span><span id=\"hc-ratingRatingHotel__ratedby\">Valorado por los clientes<\/span> <\/div>\n<\/div>\n<div id=\"hc-data__hotellink\" style=\"display: none;\">Posada_del_Parque_Quintero<\/div>\n<script type=\"text\/javascript\" src=\"https:\/\/ajax.googleapis.com\/ajax\/libs\/webfont\/1\/webfont.js\">\n<\/script>\n<script>(function(){var rand = Math.floor((Math.random() * 99999999) + 1); function loadjscssfile(a,b){if(\"js\"==b){var\nc=document.createElement(\"script\");c.setAttribute(\"type\",\"text\/javascript\"),c.setAttribute(\"src\",a)}else if(\"css\"==b){var\nc=document.createElement(\"link\");c.setAttribute(\"rel\",\"stylesheet\"),c.setAttribute(\"type\",\"text\/css\"),c.setAttribute(\"href\",a)}\"undefined\"!=typeof\nc&&document.getElementsByTagName(\"head\")[0].appendChild(c)}\nloadjscssfile('https:\/\/media.datahc.com\/ratinghotel\/stellar2\/spa\/styles.css?v' + rand, 'css');\nloadjscssfile('https:\/\/media.datahc.com\/ratinghotel\/stellar2\/spa\/script.js?v' + rand, 'js'); })();<\/script>\n\n\n<a class=\"cs-button  blue center\" href=\"https:\/\/www.posadadelparque.cl\/2014\/booking-com-guest-review-awards\/\"  target=\"_self\">Booking.com guest awards<\/a>\n<a class=\"cs-button  blue center\" href=\"https:\/\/www.posadadelparque.cl\/2014\/posada-del-parque-en-the-guardian\/\"  target=\"_self\">The Guardian top 10 posadas in south america<\/a>\n<a class=\"cs-button  blue center\" href=\"https:\/\/www.posadadelparque.cl\/2014\/premiaciones-y-reconocimientos\/\"  title=\"premios\">Premios y reconocimientos<\/a>\n\n<\/div>\n\n\n\n<p><\/p>\n","protected":false},"excerpt":{"rendered":"<p>Bienvenidos a Alojamiento \/ Casa rodante \/ Camping \/ Safari Ubicada en el coraz\u00f3n del Humedal de Mantagua, a solo 90 minutos de Santiago, 20 minutos de Vi\u00f1a del Mar y 5 minutos de Conc\u00f3n. Posada del Parque es un lodge de ecoturismo que invita a vivir una experiencia de descanso profundo, conexi\u00f3n con lo esencial, disfrutando de un turismo sustentable, responsable y con sentido. M\u00e1s que un alojamiento, somos un espacio de regeneraci\u00f3n donde cada visita contribuye activamente a la restauraci\u00f3n, protecci\u00f3n y conservaci\u00f3n de uno de los humedales m\u00e1s importantes del pa\u00eds. Cada amanecer se vive al ritmo&#8230;<\/p>\n","protected":false},"author":1,"featured_media":0,"parent":0,"menu_order":0,"comment_status":"open","ping_status":"open","template":"","meta":{"footnotes":""},"class_list":["post-5","page","type-page","status-publish","hentry"],"_links":{"self":[{"href":"https:\/\/www.posadadelparque.cl\/2014\/wp-json\/wp\/v2\/pages\/5","targetHints":{"allow":["GET"]}}],"collection":[{"href":"https:\/\/www.posadadelparque.cl\/2014\/wp-json\/wp\/v2\/pages"}],"about":[{"href":"https:\/\/www.posadadelparque.cl\/2014\/wp-json\/wp\/v2\/types\/page"}],"author":[{"embeddable":true,"href":"https:\/\/www.posadadelparque.cl\/2014\/wp-json\/wp\/v2\/users\/1"}],"replies":[{"embeddable":true,"href":"https:\/\/www.posadadelparque.cl\/2014\/wp-json\/wp\/v2\/comments?post=5"}],"version-history":[{"count":251,"href":"https:\/\/www.posadadelparque.cl\/2014\/wp-json\/wp\/v2\/pages\/5\/revisions"}],"predecessor-version":[{"id":3093,"href":"https:\/\/www.posadadelparque.cl\/2014\/wp-json\/wp\/v2\/pages\/5\/revisions\/3093"}],"wp:attachment":[{"href":"https:\/\/www.posadadelparque.cl\/2014\/wp-json\/wp\/v2\/media?parent=5"}],"curies":[{"name":"wp","href":"https:\/\/api.w.org\/{rel}","templated":true}]}}