{"id":32,"date":"2014-02-28T21:32:09","date_gmt":"2014-03-01T00:32:09","guid":{"rendered":"https:\/\/www.posadadelparque.cl\/2014\/?page_id=32"},"modified":"2026-04-15T13:05:33","modified_gmt":"2026-04-15T17:05:33","slug":"alojamiento","status":"publish","type":"page","link":"https:\/\/www.posadadelparque.cl\/2014\/alojamiento\/","title":{"rendered":"ALOJAMIENTO"},"content":{"rendered":"\n<h3 class=\"wp-block-heading has-text-align-left\"><span style=\"color:#2a9a0a\" class=\"has-inline-color\">Promoci\u00f3n Especial <\/span><\/h3>\n\n\n\n<p>Entre el 1 de marzo y el 24 de diciembre de 2026, disfruta de un 10% de descuento en tu estad\u00eda al reservar noches de domingo a jueves (inclusive).<br>Esta promoci\u00f3n no aplica en fechas con feriados o fines de semana largos (por ejemplo, Fiestas Patrias).<br>Para acceder al beneficio, solo debes mencionar que realizaste tu reserva a trav\u00e9s de nuestra p\u00e1gina web al momento de confirmar.<\/p>\n\n\n\n<h3 class=\"wp-block-heading has-text-align-left\"><span style=\"color:#2a9a0a\" class=\"has-inline-color\">Somos pet friendly <\/span><\/h3>\n\n\n\n<p>\u00a1Las mascotas son bienvenidas!<\/p>\n\n\n\n<p>Si deseas alojarte con tu mascota, se solicitar\u00e1 una garant\u00eda de $20.000, la cual ser\u00e1 reembolsada al momento del check-out, siempre que no se hayan producido da\u00f1os ni suciedad en la ropa de cama u otras instalaciones atribuibles a la mascota.<br>Por otro lado hacemos notar que las mascotas pueden estar s\u00f3lo en los alrededores de la Posada pero no entrar al humedal.<\/p>\n\n\n\n<h3 class=\"wp-block-heading has-text-align-left\"><span style=\"color:#2a9a0a\" class=\"has-inline-color\">Normas de convivencia y respeto por la naturaleza <\/span><\/h3>\n\n\n\n<p>Por favor, evita reproducir m\u00fasica de cualquier tipo. Queremos preservar la tranquilidad del entorno y permitir que todos disfruten de los sonidos naturales.<br>El consumo de bebidas alcoh\u00f3licas est\u00e1 permitido siempre que se mantenga una conducta adecuada, considerando que el parque es visitado por familias y ni\u00f1os. En caso contrario, nos reservamos el derecho de solicitar el retiro del recinto.<br>No se permite el consumo de estupefacientes dentro del recinto, por respeto a todos nuestros visitantes.<br>Gracias por tu comprensi\u00f3n y por ayudarnos a mantener un ambiente seguro, familiar y en armon\u00eda con la naturaleza.<\/p>\n\n\n\n<p class=\"has-text-align-left\">Un espacio c\u00f3modo y conectado con la naturaleza, ideal para descansar y vivir una experiencia aut\u00e9ntica en el Humedal de Mantagua.<\/p>\n\n\n\n<h3 class=\"wp-block-heading has-text-align-left\"><span style=\"color:#2a9a0a\" class=\"has-inline-color\">Elige tu estad\u00eda en: <\/span><\/h3>\n\n\n<div class=\"space20\"><\/div>\n\n\n\n<div class=\"wp-block-buttons is-vertical is-layout-flex wp-container-core-buttons-is-layout-8cf370e7 wp-block-buttons-is-layout-flex\">\n<div class=\"wp-block-button\"><a class=\"wp-block-button__link has-vivid-green-cyan-background-color has-background wp-element-button\" href=\"https:\/\/www.posadadelparque.cl\/2014\/habitacion-single\/\">Habitaci\u00f3n Single<\/a><\/div>\n\n\n\n<div class=\"wp-block-button\"><a class=\"wp-block-button__link has-vivid-green-cyan-background-color has-background wp-element-button\" href=\"https:\/\/www.posadadelparque.cl\/2014\/habitacion-matrimonial\/\">Habitaci\u00f3n Matrimonial<\/a><\/div>\n\n\n\n<div class=\"wp-block-button\"><a class=\"wp-block-button__link has-vivid-green-cyan-background-color has-background wp-element-button\" href=\"https:\/\/www.posadadelparque.cl\/2014\/habitacion-familiar-3-personas\/\">Habitaci\u00f3n Familiar con cocina<\/a><\/div>\n\n\n\n<div class=\"wp-block-button\"><a class=\"wp-block-button__link has-vivid-green-cyan-background-color has-background wp-element-button\" href=\"https:\/\/www.posadadelparque.cl\/2014\/habitacion-matrimonial-5-personas\/\">Habitaci\u00f3n Familiar hasta 5 personas<\/a><\/div>\n\n\n\n<div class=\"wp-block-button\"><a class=\"wp-block-button__link has-vivid-green-cyan-background-color has-background wp-element-button\" href=\"https:\/\/www.posadadelparque.cl\/2014\/casa-rodante-motorhome-similares\/\">Sitios para Motorhome<\/a><\/div>\n\n\n\n<div class=\"wp-block-button\"><a class=\"wp-block-button__link has-vivid-green-cyan-background-color has-background wp-element-button\" href=\"https:\/\/www.posadadelparque.cl\/2014\/habitacion-aventurero\/\">Alojamiento Aventurero<\/a><\/div>\n\n\n\n<div class=\"wp-block-button\"><a class=\"wp-block-button__link has-vivid-green-cyan-background-color has-background wp-element-button\" href=\"https:\/\/www.posadadelparque.cl\/2014\/carpas-safari\/\">Carpas Safari<\/a><\/div>\n<\/div>\n\n\n<div class=\"space20\"><\/div>\n\n\n\n<p class=\"has-text-align-center\"><strong>GRACIAS POR ELEGIRNOS.<br>TU APOYO NOS PERMITE SEGUIR CUIDANDO ESTE VALIOSO ECOSISTEMA Y SU BIODIVERSIDAD PARA LAS FUTURAS GENERACIONES.<\/strong><\/p>\n","protected":false},"excerpt":{"rendered":"<p>Promoci\u00f3n Especial Entre el 1 de marzo y el 24 de diciembre de 2026, disfruta de un 10% de descuento en tu estad\u00eda al reservar noches de domingo a jueves (inclusive).Esta promoci\u00f3n no aplica en fechas con feriados o fines de semana largos (por ejemplo, Fiestas Patrias).Para acceder al beneficio, solo debes mencionar que realizaste tu reserva a trav\u00e9s de nuestra p\u00e1gina web al momento de confirmar. Somos pet friendly \u00a1Las mascotas son bienvenidas! Si deseas alojarte con tu mascota, se solicitar\u00e1 una garant\u00eda de $20.000, la cual ser\u00e1 reembolsada al momento del check-out, siempre que no se hayan producido&#8230;<\/p>\n","protected":false},"author":1,"featured_media":0,"parent":0,"menu_order":0,"comment_status":"open","ping_status":"closed","template":"","meta":{"footnotes":""},"class_list":["post-32","page","type-page","status-publish","hentry"],"_links":{"self":[{"href":"https:\/\/www.posadadelparque.cl\/2014\/wp-json\/wp\/v2\/pages\/32","targetHints":{"allow":["GET"]}}],"collection":[{"href":"https:\/\/www.posadadelparque.cl\/2014\/wp-json\/wp\/v2\/pages"}],"about":[{"href":"https:\/\/www.posadadelparque.cl\/2014\/wp-json\/wp\/v2\/types\/page"}],"author":[{"embeddable":true,"href":"https:\/\/www.posadadelparque.cl\/2014\/wp-json\/wp\/v2\/users\/1"}],"replies":[{"embeddable":true,"href":"https:\/\/www.posadadelparque.cl\/2014\/wp-json\/wp\/v2\/comments?post=32"}],"version-history":[{"count":79,"href":"https:\/\/www.posadadelparque.cl\/2014\/wp-json\/wp\/v2\/pages\/32\/revisions"}],"predecessor-version":[{"id":2907,"href":"https:\/\/www.posadadelparque.cl\/2014\/wp-json\/wp\/v2\/pages\/32\/revisions\/2907"}],"wp:attachment":[{"href":"https:\/\/www.posadadelparque.cl\/2014\/wp-json\/wp\/v2\/media?parent=32"}],"curies":[{"name":"wp","href":"https:\/\/api.w.org\/{rel}","templated":true}]}}