{"id":2864,"date":"2026-04-13T15:02:28","date_gmt":"2026-04-13T19:02:28","guid":{"rendered":"https:\/\/www.posadadelparque.cl\/2014\/?page_id=2864"},"modified":"2026-04-13T17:00:41","modified_gmt":"2026-04-13T21:00:41","slug":"carpas-safari","status":"publish","type":"page","link":"https:\/\/www.posadadelparque.cl\/2014\/carpas-safari\/","title":{"rendered":"CARPAS SAFARI"},"content":{"rendered":"\n<p>Una experiencia moderna y aut\u00e9ntica de alojamiento al aire libre, que ofrece lo m\u00e1s cercano a acampar, pero con mayor comodidad. Es ideal para grupos de amigos, compa\u00f1eros de curso, familias o quienes deseen vivir una estad\u00eda distinta y en contacto directo con la naturaleza.<\/p>\n\n\n\n<p><strong>Al reservar tendr\u00e1s acceso a:<\/strong><br>Uso de WiFi<br>Sala de lectura, juegos de mesa y televisi\u00f3n (pr\u00f3ximamente)<br>Fog\u00f3n para compartir en comunidad<br>Entrada libre al parque las 24 horas<br>1 actividad grupal incluida (a coordinar seg\u00fan disponibilidad)<\/p>\n\n\n\n<p><strong>Importante:<\/strong> No est\u00e1 permitido cocinar dentro de la carpa. La preparaci\u00f3n de alimentos debe realizarse en el exterior, en las zonas habilitadas. (Los asistentes deben traer sus propias colchonetas y sacos de dormir)<\/p>\n\n\n\n<p><strong>Detalles de las carpas disponibles:<\/strong><\/p>\n\n\n\n<ul class=\"wp-block-list\">\n<li><strong>Carpa 1:<\/strong> equipada con 2 camarotes y 1 cama de plaza y media, piso flotante, 1 mesa comedor y sillas.<\/li>\n\n\n\n<li><strong>Carpa 2:<\/strong> piso de PVC con revestimiento de tela termoaislante.<\/li>\n<\/ul>\n\n\n\n<p>Vive la experiencia de acampar con comodidad y sum\u00e9rgete en un entorno natural \u00fanico. \u00a1Te esperamos para disfrutar de la aventura!<\/p>\n\n\n\n<div class=\"wp-block-buttons is-horizontal is-content-justification-center is-layout-flex wp-container-core-buttons-is-layout-499968f5 wp-block-buttons-is-layout-flex\">\n<div class=\"wp-block-button\"><a class=\"wp-block-button__link wp-element-button\" href=\"\/reservas\/\">Reserva tu alojamiento ac\u00e1<\/a><\/div>\n<\/div>\n\n\n\n<hr class=\"wp-block-separator has-css-opacity\"\/>\n\n\n\n<h2 class=\"wp-block-heading\"><span style=\"color: #2a9a0a;\">Pol\u00edticas de Anulaci\u00f3n&nbsp;<\/span><\/h2>\n\n\n\n<p>En el caso de que el abono est\u00e9 hecho y haya un cambio de fecha o anulaci\u00f3n con 7 d\u00edas de anticipaci\u00f3n, se hace la devoluci\u00f3n del 100%.<br>En el caso de que la anulaci\u00f3n o cambio de fecha sea con 5 d\u00edas de anticipaci\u00f3n se hace devoluci\u00f3n del 50% del abono.<br>Por otro lado, si hay anulaci\u00f3n el mismo d\u00eda por razones de fuerza mayor, ya sea condiciones clim\u00e1ticas, accidentes u otros, no hay problema en cambiar la fecha, si fuera as\u00ed, del abono, se descontar\u00eda solo un 30% y en el caso de anular el alojamiento no habr\u00e1 devoluci\u00f3n del abono.<\/p>\n","protected":false},"excerpt":{"rendered":"<p>Una experiencia moderna y aut\u00e9ntica de alojamiento al aire libre, que ofrece lo m\u00e1s cercano a acampar, pero con mayor comodidad. Es ideal para grupos de amigos, compa\u00f1eros de curso, familias o quienes deseen vivir una estad\u00eda distinta y en contacto directo con la naturaleza. Al reservar tendr\u00e1s acceso a:Uso de WiFiSala de lectura, juegos de mesa y televisi\u00f3n (pr\u00f3ximamente)Fog\u00f3n para compartir en comunidadEntrada libre al parque las 24 horas1 actividad grupal incluida (a coordinar seg\u00fan disponibilidad) Importante: No est\u00e1 permitido cocinar dentro de la carpa. La preparaci\u00f3n de alimentos debe realizarse en el exterior, en las zonas habilitadas. (Los&#8230;<\/p>\n","protected":false},"author":1,"featured_media":0,"parent":0,"menu_order":0,"comment_status":"closed","ping_status":"closed","template":"","meta":{"footnotes":""},"class_list":["post-2864","page","type-page","status-publish","hentry"],"_links":{"self":[{"href":"https:\/\/www.posadadelparque.cl\/2014\/wp-json\/wp\/v2\/pages\/2864","targetHints":{"allow":["GET"]}}],"collection":[{"href":"https:\/\/www.posadadelparque.cl\/2014\/wp-json\/wp\/v2\/pages"}],"about":[{"href":"https:\/\/www.posadadelparque.cl\/2014\/wp-json\/wp\/v2\/types\/page"}],"author":[{"embeddable":true,"href":"https:\/\/www.posadadelparque.cl\/2014\/wp-json\/wp\/v2\/users\/1"}],"replies":[{"embeddable":true,"href":"https:\/\/www.posadadelparque.cl\/2014\/wp-json\/wp\/v2\/comments?post=2864"}],"version-history":[{"count":5,"href":"https:\/\/www.posadadelparque.cl\/2014\/wp-json\/wp\/v2\/pages\/2864\/revisions"}],"predecessor-version":[{"id":2872,"href":"https:\/\/www.posadadelparque.cl\/2014\/wp-json\/wp\/v2\/pages\/2864\/revisions\/2872"}],"wp:attachment":[{"href":"https:\/\/www.posadadelparque.cl\/2014\/wp-json\/wp\/v2\/media?parent=2864"}],"curies":[{"name":"wp","href":"https:\/\/api.w.org\/{rel}","templated":true}]}}