{"id":194,"date":"2014-03-10T15:47:18","date_gmt":"2014-03-10T15:47:18","guid":{"rendered":"https:\/\/www.posadadelparque.cl\/2014\/?page_id=194"},"modified":"2014-12-19T20:41:59","modified_gmt":"2014-12-19T23:41:59","slug":"medio-ambiente","status":"publish","type":"page","link":"https:\/\/www.posadadelparque.cl\/2014\/medio-ambiente\/","title":{"rendered":"MEDIO AMBIENTE"},"content":{"rendered":"<div class=\"one_third\">\n<div class=\"image-frame-wrap alignleft\" style=\"width:300px;\">\n<div class=\"image-frame\">\n<img decoding=\"async\" src=\"https:\/\/www.posadadelparque.cl\/2014\/wp-content\/uploads\/2014\/12\/15_800x538.jpg\" class=\"frame-image\" alt=\"Some Alt Tag\"><\/a><\/div>\n<\/div>\n<\/div>\n<div class=\"one_third\">\n<div class=\"image-frame-wrap alignleft\" style=\"width:300px;\">\n<div class=\"image-frame\">\n<img decoding=\"async\" src=\"https:\/\/www.posadadelparque.cl\/2014\/wp-content\/uploads\/2014\/04\/DSC01970.png\" class=\"frame-image\" alt=\"Some Alt Tag\"><\/a><\/div>\n<\/div>\n<\/div>\n<div class=\"one_third last-column\">\n<div class=\"image-frame-wrap alignleft\" style=\"width:300px;\">\n<div class=\"image-frame\">\n<img decoding=\"async\" src=\"https:\/\/www.posadadelparque.cl\/2014\/wp-content\/uploads\/2014\/04\/9.png\" class=\"frame-image\" alt=\"Some Alt Tag\"><\/a><\/div>\n<\/div>\n<\/div>\n<p>Convergen 6 ecosistemas, debido a esto tenemos un alto grado de endemismo tanto en flora como fauna, la flora asociada a las dunas de ritoque uno de estos ecosistemas es considerado el limite sur del desierto florido.<br \/>\nLos Ecosistemas presentes adem\u00e1s de las dunas de Ritoque son:<strong>Humedal de Mantagua, Borde Costero, Matorral Escler\u00f3filo, Bosque Nativo y Albufera.<\/strong><\/p>\n<div class=\"one_half\">\n<h2>Humedal Mantagua<\/h2>\n<p><strong>Ubicaci\u00f3n<\/strong><br \/>\nRegi\u00f3n de Valpara\u00edso,  Comuna de Quintero, Localidad de Mantagua (31\u00ba51`S; 71\u00ba30`W).<br \/>\n<strong>Descripci\u00f3n<\/strong><\/p>\n<ul>\n<li> Delimitada por las dunas costeras, la playa y la l\u00ednea ferroviaria presenta una forma larga y angosta con unos 1700 m de largo y una superficie de 20 ha., adem\u00e1s de praderas y vegas circundantes.\n<li>Laguna costera ubicada detr\u00e1s de las dunas costeras de la playa Ritoque-Conc\u00f3n.\n<li>De origen pluvial, drena los cerros de la cordillera de la costa.\n<li>Importante refugio de plantas acu\u00e1ticas y de una variada avifauna compuesta por sietecolores, becacina y huairavillo, taguas, patos, garzas, triles. La desembocadura y playa adyacente tambi\u00e9n ofrece algunas aves costeras como chorlos, rayadores, diversas especies de gaviotas y migrantes estacionales.\n<li>Entre los mam\u00edferos se puede mencionar el coipo entre los peces la lisa.\n<\/ul>\n<p><strong>Status<\/strong><br \/>\nNo tiene protecci\u00f3n. Identificamos, al menos, cuatro fuentes de amenaza para las aves de este humedal: i) perturbaci\u00f3n y contaminaci\u00f3n por actividad humana intensiva en la \u00e9poca estival, ii) perturbaci\u00f3n y alteraci\u00f3n de h\u00e1bitat por animales dom\u00e9sticos (perros y ganado bovino), iii) caza y pesca ilegal y iv) desarrollo de proyectos inmobiliarios<br \/>\n<strong>Vegetaci\u00f3n<\/strong><br \/>\nPresenta flora palustre dominada por totora Typha angustifolia, trome Scirpus californicus,  junquillo Juncus procerus,  Cyperus, Polygonum, Ludwigis. Plantas acu\u00e1ticas arraigadas Hydrocotyle sp. (sombrerito de agua), sumergidas, libres y flotantes libres Azolla filiculoides (flor del pato), Lemna minima (lenteja de agua) adem\u00e1s de pastizales.<\/div>\n<div class=\"one_half last-column\">\n<h2>Borde Costero<\/h2>\n<p>La Playa de Ritoque es de las m\u00e1s grandes de la V Regi\u00f3n de Valpara\u00edso con una superficie aproximada de 18 km\u00b2; al interior hay dunas -5 a 8 kil\u00f3metros-<br \/>\nAl comienzo de la playa est\u00e1 el Morro de Ritoque, donde hay un mirador, restaurantes, casas y un lugar para arrendar caballos, adem\u00e1s de la Ciudad Abierta de Ritoque, campo de experimentaci\u00f3n arquitect\u00f3nica de la Escuela de Valpara\u00edso perteneciente a la PUCV. Al norte de la playa hay bosque y campo antes de llegar a Quintero Centro.<br \/>\n*Antiguamente, hasta esta playa se llegaba en el tren que sal\u00eda desde la Estaci\u00f3n Mapocho, que ten\u00eda su gran estaci\u00f3n en el antiguo Quintero.<br \/>\nQuiz\u00e1 sea \u00e9sta la m\u00e1s \u201ctaquilla\u201d de las playas quinteranas, porque en sus 11 kil\u00f3metros de playa se han construido hoteles, casas de lujo y restaurantes. Adem\u00e1s, se puede practicar pesca de orilla y surf, deportes que hacen la delicia de grandes y chicos.<\/p>\n<p><a href=\"https:\/\/www.posadadelparque.cl\/2014\/wp-content\/uploads\/2014\/12\/42_1024x577.jpg\"><img loading=\"lazy\" decoding=\"async\" src=\"https:\/\/www.posadadelparque.cl\/2014\/wp-content\/uploads\/2014\/12\/42_1024x577.jpg\" alt=\"42_1024x577\" width=\"1024\" height=\"577\" class=\"aligncenter size-full wp-image-779\" srcset=\"https:\/\/www.posadadelparque.cl\/2014\/wp-content\/uploads\/2014\/12\/42_1024x577.jpg 1024w, https:\/\/www.posadadelparque.cl\/2014\/wp-content\/uploads\/2014\/12\/42_1024x577-300x169.jpg 300w\" sizes=\"auto, (max-width: 1024px) 100vw, 1024px\" \/><\/a><\/div>\n<div class=\"clear\"><\/div>\n<div class=\"one_half\">\n<h2>Campo Dunar Ritoque<\/h2>\n<p>De acuerdo a un estudio realizado desde el a\u00f1o 1955 hasta 1989 se llego a las siguientes observaciones<br \/>\n*En  Ritoque se localiza uno de los campos dunarios m\u00e1s importantes de la costa centro norte de Chile, en el cual se reconoce una zonificaci\u00f3n caracter\u00edstica de  formas dunarias desde la playa hacia el interior asociada a especies vegetales de substratos arenosos(Castro,1984).<br \/>\n*Por la importancia de la vegetaci\u00f3n de estas dunas, Kohler(1970) recomienda su preservaci\u00f3n.<br \/>\n*En este mismo sentido, Castro(1984)propone considerarlas como \u201csitio de inter\u00e9s cient\u00edfico &#8220;debido a que en ellas se conjugan elementos naturales (geomorfolog\u00eda dunaria, vegetaci\u00f3n espec\u00edfica, fauna asociada)y elementos culturales (restos arqueol\u00f3gicos, valor esc\u00e9nico, trabajos experimentales de fijaci\u00f3n de arenas).<br \/>\nAdem\u00e1s, por  su situaci\u00f3n estrat\u00e9gica debido a la proximidad de centros industriales urbanos y de intensa actividad tur\u00edstica ,el riesgo de deterioro de las dunas de Ritoque es inminente.<br \/>\n*Es un extenso campo dunar p\u00fablico y privado.<br \/>\n* Es cruzado por esteros y existen grandes humedales utilizados por las aves migratorias durante el a\u00f1o, aunque por consecuencia de la urbanizaci\u00f3n las dunas constantemente son parceladas y vendidas a privados.<\/p><\/div>\n<div class=\"one_half last-column\">\n<h2>Matorral escler\u00f3filo <\/h2>\n<p>Se sit\u00faa en la cuenca mediterr\u00e1nea del sur de Europa y el norte de \u00c1frica, en la zona occidental de Am\u00e9rica del Norte (California), en Am\u00e9rica del Sur (Chile) y en Ocean\u00eda (Australia). El clima que predomina en este tipo de bosques es el mediterr\u00e1neo con inviernos fr\u00edos y veranos calurosos secos y con precipitaciones escasas.<br \/>\nAbundan los \u00e1rboles y arbustos perennes, con hojas peque\u00f1as y a menudo cubiertas de vellosidades para evitar la p\u00e9rdida de agua.<br \/>\nLa fauna es variada y abundan las aves migratorias, los reptiles y peque\u00f1os mam\u00edferos, como roedores, conejos y liebres, que soportan una comunidad de depredadores integrada por mam\u00edferos de gran tama\u00f1o, como zorros y linces, y por aves rapaces, como milanos, cern\u00edcalos y el \u00c1guila imperial (Aquila adalberti).<br \/>\n<br \/>\n<strong>Matorral costero:<\/strong> es una formaci\u00f3n baja y suave de arbustos, que se extiende desde La Serena, en el norte, hasta Valpara\u00edso, en el sur. Especies t\u00edpicas son la margarita de la costa (Bahia ambrosioides), palhu\u00e9n (Adesmia microphylla), y palo de yegua, la fucsia silvestre de la costa (Fuchsia lycioides). El matorral costero es similar a la garriga de la Cuenca del Mediterr\u00e1neo y al matorral de salvia costero del sur de California.<\/div>\n<div class=\"clear\"><\/div>\n<div class=\"one_half\">\n<h2>Bosque Nativo<\/h2>\n<p>Tambi\u00e9n conocido como bosque siempreverde, est\u00e1 presente en la zona central de Chile, desde la Regi\u00f3n de Coquimbo a la del Biob\u00edo. Est\u00e1 compuesto de \u00e1rboles y arbustos de hojas duras y resistentes a los grandes cambios de temperatura y humedad.<br \/>\n<br \/>\nEl clima es mediterr\u00e1neo y se caracteriza por poseer inviernos lluviosos y veranos secos.<br \/>\n<br \/>\nLas principales especies de este bosque son el Espino (Acacia caven), Quillay (Quillaja saponaria), Mait\u00e9n (Maytenus boaria), Litre (Lithraea caustica), Peumo (Cryptocaria alba), Boldo (Peumus boldus), Olivillo (Aextoxicon punctatum), Belloto (Beischmedia barteroana), Array\u00e1n (Luma apiculata), Colliguay (Colliguaya odorifera), Maqui (Aristotelia maqui), Chagual (Puya berteroniana), entre otros.<br \/>\nDentro de este bosque se han identificado varias especies de aves como tordos, diucas, tencas, picaflores, cachuditos, loicas, chercanes, queltehues, turcas y pit\u00edos. Entre las aves rapaces, las m\u00e1s comunes son las \u00e1guilas, aguiluchos, cern\u00edcalos y tiuques. Tambi\u00e9n se pueden encontrar algunos mam\u00edferos como el Zorro culpeo (Dusicyon culpaeus), el Quique (Galictis cuja), el Chingue (Conepatus chinga) y la Llaca (Marmosa elegans) y roedores nativos, como el Deg\u00fa (Octodon degus) y el Cururo (Spalacopus cyanus). Adem\u00e1s, se observan reptiles, entre las que se encuentran la Culebra de cola larga (Philodryas chamissonis) y varias lagartijas del g\u00e9nero Liolaemus.<\/div>\n<div class=\"one_half last-column\">\n<h2>Albufera<\/h2>\n<p>Una albufera es una laguna litoral de agua salada o ligeramente salobre, separada del mar por una lengua o cord\u00f3n de arenas pero en comunicaci\u00f3n con el mar por uno o m\u00e1s puntos. Su formaci\u00f3n suele deberse a la colmataci\u00f3n de una antigua bah\u00eda por los aportes de sedimentos marinos o fluviales. All\u00ed donde las mareas no son muy acusadas y la arena se deposita en una larga lengua pr\u00f3xima a la costa se forman albuferas largas y estrechas, separadas del mar por una estrecha barra de arena o tierra paralela a la orilla. En ellas, y debido al lento flujo e intercambio de aguas con el mar, sus temperaturas son mucho m\u00e1s c\u00e1lidas. Al ser ecotonos son espacios llenos de vida con abundante vegetaci\u00f3n acu\u00e1tica as\u00ed como fauna ict\u00edcola que acude a desovar y utiliz\u00e1ndolas muchas aves migratorias para hacer escala en sus viajes estacionales.<\/p><\/div>\n<div class=\"clear\"><\/div>\n<div class=\"one_third\">\n<div class=\"image-frame-wrap alignleft\" style=\"width:300px;\">\n<div class=\"image-frame\">\n<img decoding=\"async\" src=\"https:\/\/www.posadadelparque.cl\/2014\/wp-content\/uploads\/2014\/04\/460.png\" class=\"frame-image\" alt=\"Some Alt Tag\"><\/a><\/div>\n<\/div>\n<\/div>\n<div class=\"one_third\">\n<div class=\"image-frame-wrap alignleft\" style=\"width:300px;\">\n<div class=\"image-frame\">\n<img decoding=\"async\" src=\"https:\/\/www.posadadelparque.cl\/2014\/wp-content\/uploads\/2014\/04\/41.png\" class=\"frame-image\" alt=\"Some Alt Tag\"><\/a><\/div>\n<\/div>\n<\/div>\n<div class=\"one_third last-column\">\n<div class=\"image-frame-wrap alignleft\" style=\"width:300px;\">\n<div class=\"image-frame\">\n<img decoding=\"async\" src=\"https:\/\/www.posadadelparque.cl\/2014\/wp-content\/uploads\/2014\/04\/bosque-de-pinos.png\" class=\"frame-image\" alt=\"Some Alt Tag\"><\/a><\/div>\n<\/div>\n<\/div>\n","protected":false},"excerpt":{"rendered":"<p>Convergen 6 ecosistemas, debido a esto tenemos un alto grado de endemismo tanto en flora como fauna, la flora asociada a las dunas de ritoque uno de estos ecosistemas es considerado el limite sur del desierto florido. Los Ecosistemas presentes adem\u00e1s de las dunas de Ritoque son:Humedal de Mantagua, Borde Costero, Matorral Escler\u00f3filo, Bosque Nativo y Albufera.<\/p>\n","protected":false},"author":1,"featured_media":0,"parent":0,"menu_order":0,"comment_status":"open","ping_status":"open","template":"","meta":{"footnotes":""},"class_list":["post-194","page","type-page","status-publish","hentry"],"_links":{"self":[{"href":"https:\/\/www.posadadelparque.cl\/2014\/wp-json\/wp\/v2\/pages\/194","targetHints":{"allow":["GET"]}}],"collection":[{"href":"https:\/\/www.posadadelparque.cl\/2014\/wp-json\/wp\/v2\/pages"}],"about":[{"href":"https:\/\/www.posadadelparque.cl\/2014\/wp-json\/wp\/v2\/types\/page"}],"author":[{"embeddable":true,"href":"https:\/\/www.posadadelparque.cl\/2014\/wp-json\/wp\/v2\/users\/1"}],"replies":[{"embeddable":true,"href":"https:\/\/www.posadadelparque.cl\/2014\/wp-json\/wp\/v2\/comments?post=194"}],"version-history":[{"count":18,"href":"https:\/\/www.posadadelparque.cl\/2014\/wp-json\/wp\/v2\/pages\/194\/revisions"}],"predecessor-version":[{"id":898,"href":"https:\/\/www.posadadelparque.cl\/2014\/wp-json\/wp\/v2\/pages\/194\/revisions\/898"}],"wp:attachment":[{"href":"https:\/\/www.posadadelparque.cl\/2014\/wp-json\/wp\/v2\/media?parent=194"}],"curies":[{"name":"wp","href":"https:\/\/api.w.org\/{rel}","templated":true}]}}