{"id":186,"date":"2014-03-10T15:21:09","date_gmt":"2014-03-10T15:21:09","guid":{"rendered":"https:\/\/www.posadadelparque.cl\/2014\/?page_id=186"},"modified":"2026-04-16T16:33:28","modified_gmt":"2026-04-16T20:33:28","slug":"educacion-ambiental","status":"publish","type":"page","link":"https:\/\/www.posadadelparque.cl\/2014\/educacion-ambiental\/","title":{"rendered":"EDUCACI\u00d3N AMBIENTAL"},"content":{"rendered":"\n<div class=\"wp-block-columns are-vertically-aligned-center is-layout-flex wp-container-core-columns-is-layout-9d6595d7 wp-block-columns-is-layout-flex\">\n<div class=\"wp-block-column is-vertically-aligned-center is-layout-flow wp-block-column-is-layout-flow\"><div class=\"wp-block-image\">\n<figure class=\"aligncenter size-large\"><a href=\"https:\/\/www.posadadelparque.cl\/2014\/wp-content\/uploads\/2020\/05\/IMG-20190605-WA0008.jpg\"><img loading=\"lazy\" decoding=\"async\" width=\"1024\" height=\"768\" src=\"https:\/\/www.posadadelparque.cl\/2014\/wp-content\/uploads\/2020\/05\/IMG-20190605-WA0008-1024x768.jpg\" alt=\"\" class=\"wp-image-1894\" srcset=\"https:\/\/www.posadadelparque.cl\/2014\/wp-content\/uploads\/2020\/05\/IMG-20190605-WA0008-1024x768.jpg 1024w, https:\/\/www.posadadelparque.cl\/2014\/wp-content\/uploads\/2020\/05\/IMG-20190605-WA0008-300x225.jpg 300w, https:\/\/www.posadadelparque.cl\/2014\/wp-content\/uploads\/2020\/05\/IMG-20190605-WA0008-768x576.jpg 768w, https:\/\/www.posadadelparque.cl\/2014\/wp-content\/uploads\/2020\/05\/IMG-20190605-WA0008.jpg 1280w\" sizes=\"auto, (max-width: 1024px) 100vw, 1024px\" \/><\/a><\/figure><\/div><\/div>\n\n\n\n<div class=\"wp-block-column is-vertically-aligned-center is-layout-flow wp-block-column-is-layout-flow\"><div class=\"wp-block-image\">\n<figure class=\"aligncenter size-large\"><a href=\"https:\/\/www.posadadelparque.cl\/2014\/wp-content\/uploads\/2020\/05\/Educacion-Ambiental-2-scaled.jpg\"><img loading=\"lazy\" decoding=\"async\" width=\"1024\" height=\"803\" src=\"https:\/\/www.posadadelparque.cl\/2014\/wp-content\/uploads\/2020\/05\/Educacion-Ambiental-2-1024x803.jpg\" alt=\"Educacion Ambiental (2)\" class=\"wp-image-1896\" srcset=\"https:\/\/www.posadadelparque.cl\/2014\/wp-content\/uploads\/2020\/05\/Educacion-Ambiental-2-1024x803.jpg 1024w, https:\/\/www.posadadelparque.cl\/2014\/wp-content\/uploads\/2020\/05\/Educacion-Ambiental-2-300x235.jpg 300w, https:\/\/www.posadadelparque.cl\/2014\/wp-content\/uploads\/2020\/05\/Educacion-Ambiental-2-768x602.jpg 768w, https:\/\/www.posadadelparque.cl\/2014\/wp-content\/uploads\/2020\/05\/Educacion-Ambiental-2-1536x1204.jpg 1536w, https:\/\/www.posadadelparque.cl\/2014\/wp-content\/uploads\/2020\/05\/Educacion-Ambiental-2-2048x1605.jpg 2048w\" sizes=\"auto, (max-width: 1024px) 100vw, 1024px\" \/><\/a><\/figure><\/div><\/div>\n\n\n\n<div class=\"wp-block-column is-vertically-aligned-center is-layout-flow wp-block-column-is-layout-flow\"><div class=\"wp-block-image\">\n<figure class=\"aligncenter size-large\"><a href=\"https:\/\/www.posadadelparque.cl\/2014\/wp-content\/uploads\/2020\/05\/IMG-20190605-WA0007.jpg\"><img loading=\"lazy\" decoding=\"async\" width=\"1024\" height=\"768\" src=\"https:\/\/www.posadadelparque.cl\/2014\/wp-content\/uploads\/2020\/05\/IMG-20190605-WA0007-1024x768.jpg\" alt=\"Educaci\u00f3n Ambiental\" class=\"wp-image-1899\" srcset=\"https:\/\/www.posadadelparque.cl\/2014\/wp-content\/uploads\/2020\/05\/IMG-20190605-WA0007-1024x768.jpg 1024w, https:\/\/www.posadadelparque.cl\/2014\/wp-content\/uploads\/2020\/05\/IMG-20190605-WA0007-300x225.jpg 300w, https:\/\/www.posadadelparque.cl\/2014\/wp-content\/uploads\/2020\/05\/IMG-20190605-WA0007-768x576.jpg 768w, https:\/\/www.posadadelparque.cl\/2014\/wp-content\/uploads\/2020\/05\/IMG-20190605-WA0007.jpg 1280w\" sizes=\"auto, (max-width: 1024px) 100vw, 1024px\" \/><\/a><\/figure><\/div><\/div>\n<\/div>\n\n\n\n<h2 class=\"wp-block-heading\"><span style=\"color:#2a9a0a\" class=\"has-inline-color\">AULA A CIELO ABIERTO<\/span><\/h2>\n\n\n\n<h2 class=\"wp-block-heading\"><span style=\"color:#2a9a0a\" class=\"has-inline-color\">EDUCACI\u00d3N AMBIENTAL CON SENTIDO PARA SU COMUNIDAD EDUCATIVA <\/span><\/h2>\n\n\n\n<p>Nuestra propuesta Aula a Cielo Abierto, desarrollada en Posada del Parque \u2013 Humedal de Mantagua, un espacio natural \u00fanico donde promovemos una educaci\u00f3n cient\u00edfica ambiental con sentido, vinculada a la restauraci\u00f3n de la flora y fauna nativa.<\/p>\n\n\n\n<p>Ofrecemos programas pedag\u00f3gicos adaptados a distintas edades y objetivos, todos con un enfoque cient\u00edfico, pr\u00e1ctico y formativo:<\/p>\n\n\n\n<p>Educaci\u00f3n Cient\u00edfica Ambiental: Programa de estaciones tem\u00e1ticas donde exploramos humedales, biodiversidad, mundo marino, insectos y bosque escler\u00f3filo, comprendiendo el rol esencial de cada especie en estos ecosistemas.<br>Una experiencia de aprendizaje activo y sensorial que une ciencia y restauraci\u00f3n, invit\u00e1ndonos a ser protagonistas en la conservaci\u00f3n y sostenibilidad del entorno natural.<\/p>\n\n\n\n<p>Educaci\u00f3n Ambiental: Programa te\u00f3rico-pr\u00e1ctico que permite comprender la importancia de los humedales, sus funciones ecol\u00f3gicas y biodiversidad, promoviendo el reconocimiento de su flora y fauna y su necesaria conservaci\u00f3n integrando ciencia y restauraci\u00f3n.<\/p>\n\n\n\n<p>Educaci\u00f3n Entretenida: actividades l\u00fadicas para cursos iniciales, integrando el aprendizaje con la experiencia en la naturaleza.<\/p>\n\n\n\n<p>Como cierre de la visita en los tres programas, invitamos a los estudiantes a adoptar un \u00e1rbol nativo, fomentando el sentido de pertenencia y el compromiso con la protecci\u00f3n del bosque escler\u00f3filo costero, uno de los ecosistemas m\u00e1s amenazados y \u00fanicos en el mundo del cual queda menos de un 2% en Chile.<br>Adem\u00e1s, ponemos a disposici\u00f3n nuestro Sal\u00f3n de Eventos Rayador sin costo adicional, para complementar la jornada con actividades acad\u00e9micas o reflexivas.<\/p>\n\n\n\n<p>Para conocer m\u00e1s acerca de nuestros diferentes programas sigue los siguientes link<br>Educaci\u00f3n ambiental <a href=\"https:\/\/youtu.be\/-ysLqY7FL_A\" target=\"_blank\" rel=\"noreferrer noopener\">https:\/\/youtu.be\/-ysLqY7FL_A<\/a><br>Educaci\u00f3n cient\u00edfico-ambiental <a href=\"https:\/\/youtu.be\/rbJ9qKJvKwY\" target=\"_blank\" rel=\"noreferrer noopener\">https:\/\/youtu.be\/rbJ9qKJvKwY<\/a><br>Educaci\u00f3n entretenida <a href=\"https:\/\/youtu.be\/7FNfpyKO2NM\" target=\"_blank\" rel=\"noreferrer noopener\">https:\/\/youtu.be\/7FNfpyKO2NM<\/a><\/p>\n\n\n\n<p>Creemos profundamente en una educaci\u00f3n que inspire, conecte y deje huella.<br>Quedamos muy atentos a cualquier consulta o enviarle m\u00e1s informaci\u00f3n.<\/p>\n\n\n\n<div class=\"wp-block-columns are-vertically-aligned-center is-layout-flex wp-container-core-columns-is-layout-9d6595d7 wp-block-columns-is-layout-flex\">\n<div class=\"wp-block-column is-vertically-aligned-center is-layout-flow wp-block-column-is-layout-flow\">\n<figure class=\"wp-block-image size-full\"><a href=\"https:\/\/www.posadadelparque.cl\/2014\/wp-content\/uploads\/2014\/04\/121.png\"><img loading=\"lazy\" decoding=\"async\" width=\"640\" height=\"480\" src=\"https:\/\/www.posadadelparque.cl\/2014\/wp-content\/uploads\/2014\/04\/121.png\" alt=\"\" class=\"wp-image-552\" srcset=\"https:\/\/www.posadadelparque.cl\/2014\/wp-content\/uploads\/2014\/04\/121.png 640w, https:\/\/www.posadadelparque.cl\/2014\/wp-content\/uploads\/2014\/04\/121-300x225.png 300w\" sizes=\"auto, (max-width: 640px) 100vw, 640px\" \/><\/a><\/figure>\n<\/div>\n\n\n\n<div class=\"wp-block-column is-vertically-aligned-center is-layout-flow wp-block-column-is-layout-flow\">\n<figure class=\"wp-block-image size-full\"><a href=\"https:\/\/www.posadadelparque.cl\/2014\/wp-content\/uploads\/2014\/04\/123.png\"><img loading=\"lazy\" decoding=\"async\" width=\"640\" height=\"480\" src=\"https:\/\/www.posadadelparque.cl\/2014\/wp-content\/uploads\/2014\/04\/123.png\" alt=\"\" class=\"wp-image-489\" srcset=\"https:\/\/www.posadadelparque.cl\/2014\/wp-content\/uploads\/2014\/04\/123.png 640w, https:\/\/www.posadadelparque.cl\/2014\/wp-content\/uploads\/2014\/04\/123-300x225.png 300w\" sizes=\"auto, (max-width: 640px) 100vw, 640px\" \/><\/a><\/figure>\n<\/div>\n\n\n\n<div class=\"wp-block-column is-vertically-aligned-center is-layout-flow wp-block-column-is-layout-flow\">\n<figure class=\"wp-block-image size-full\"><a href=\"https:\/\/www.posadadelparque.cl\/2014\/wp-content\/uploads\/2014\/04\/127.png\"><img loading=\"lazy\" decoding=\"async\" width=\"640\" height=\"480\" src=\"https:\/\/www.posadadelparque.cl\/2014\/wp-content\/uploads\/2014\/04\/127.png\" alt=\"\" class=\"wp-image-547\" srcset=\"https:\/\/www.posadadelparque.cl\/2014\/wp-content\/uploads\/2014\/04\/127.png 640w, https:\/\/www.posadadelparque.cl\/2014\/wp-content\/uploads\/2014\/04\/127-300x225.png 300w\" sizes=\"auto, (max-width: 640px) 100vw, 640px\" \/><\/a><\/figure>\n<\/div>\n<\/div>\n\n\n\n<div class=\"wp-block-columns are-vertically-aligned-center is-layout-flex wp-container-core-columns-is-layout-9d6595d7 wp-block-columns-is-layout-flex\">\n<div class=\"wp-block-column is-vertically-aligned-center is-layout-flow wp-block-column-is-layout-flow\">\n<figure class=\"wp-block-embed is-type-video is-provider-youtube wp-block-embed-youtube wp-embed-aspect-16-9 wp-has-aspect-ratio\"><div class=\"wp-block-embed__wrapper\">\n<iframe loading=\"lazy\" title=\"Programa de Educaci\u00f3n Ambiental en Posada del Parque, humedal de Mantagua\" width=\"500\" height=\"281\" src=\"https:\/\/www.youtube.com\/embed\/-ysLqY7FL_A?feature=oembed\" frameborder=\"0\" allow=\"accelerometer; autoplay; clipboard-write; encrypted-media; gyroscope; picture-in-picture; web-share\" referrerpolicy=\"strict-origin-when-cross-origin\" allowfullscreen><\/iframe>\n<\/div><\/figure>\n<\/div>\n\n\n\n<div class=\"wp-block-column is-vertically-aligned-center is-layout-flow wp-block-column-is-layout-flow\">\n<figure class=\"wp-block-embed is-type-video is-provider-youtube wp-block-embed-youtube wp-embed-aspect-16-9 wp-has-aspect-ratio\"><div class=\"wp-block-embed__wrapper\">\n<iframe loading=\"lazy\" title=\"Programa de Educaci\u00f3n Cient\u00edfico-ambiental en Posada del Parque, Humedal de Mantagua\" width=\"500\" height=\"281\" src=\"https:\/\/www.youtube.com\/embed\/rbJ9qKJvKwY?feature=oembed\" frameborder=\"0\" allow=\"accelerometer; autoplay; clipboard-write; encrypted-media; gyroscope; picture-in-picture; web-share\" referrerpolicy=\"strict-origin-when-cross-origin\" allowfullscreen><\/iframe>\n<\/div><\/figure>\n<\/div>\n\n\n\n<div class=\"wp-block-column is-vertically-aligned-center is-layout-flow wp-block-column-is-layout-flow\">\n<figure class=\"wp-block-embed is-type-video is-provider-youtube wp-block-embed-youtube wp-embed-aspect-16-9 wp-has-aspect-ratio\"><div class=\"wp-block-embed__wrapper\">\n<iframe loading=\"lazy\" title=\"Programa de Educaci\u00f3n Entretenida en Posada del Parque, humedal de Mantagua\" width=\"500\" height=\"281\" src=\"https:\/\/www.youtube.com\/embed\/7FNfpyKO2NM?feature=oembed\" frameborder=\"0\" allow=\"accelerometer; autoplay; clipboard-write; encrypted-media; gyroscope; picture-in-picture; web-share\" referrerpolicy=\"strict-origin-when-cross-origin\" allowfullscreen><\/iframe>\n<\/div><\/figure>\n<\/div>\n<\/div>\n\n\n\n<hr class=\"wp-block-separator has-css-opacity\"\/>\n\n\n\n<div class=\"wp-block-buttons is-horizontal is-content-justification-center is-layout-flex wp-container-core-buttons-is-layout-499968f5 wp-block-buttons-is-layout-flex\">\n<div class=\"wp-block-button\"><a class=\"wp-block-button__link wp-element-button\" href=\"\/reservas\/\">Reserva ac\u00e1<\/a><\/div>\n<\/div>\n\n\n\n<p><\/p>\n","protected":false},"excerpt":{"rendered":"<p>AULA A CIELO ABIERTO EDUCACI\u00d3N AMBIENTAL CON SENTIDO PARA SU COMUNIDAD EDUCATIVA Nuestra propuesta Aula a Cielo Abierto, desarrollada en Posada del Parque \u2013 Humedal de Mantagua, un espacio natural \u00fanico donde promovemos una educaci\u00f3n cient\u00edfica ambiental con sentido, vinculada a la restauraci\u00f3n de la flora y fauna nativa. Ofrecemos programas pedag\u00f3gicos adaptados a distintas edades y objetivos, todos con un enfoque cient\u00edfico, pr\u00e1ctico y formativo: Educaci\u00f3n Cient\u00edfica Ambiental: Programa de estaciones tem\u00e1ticas donde exploramos humedales, biodiversidad, mundo marino, insectos y bosque escler\u00f3filo, comprendiendo el rol esencial de cada especie en estos ecosistemas.Una experiencia de aprendizaje activo y sensorial que&#8230;<\/p>\n","protected":false},"author":1,"featured_media":0,"parent":0,"menu_order":0,"comment_status":"open","ping_status":"open","template":"","meta":{"footnotes":""},"class_list":["post-186","page","type-page","status-publish","hentry"],"_links":{"self":[{"href":"https:\/\/www.posadadelparque.cl\/2014\/wp-json\/wp\/v2\/pages\/186","targetHints":{"allow":["GET"]}}],"collection":[{"href":"https:\/\/www.posadadelparque.cl\/2014\/wp-json\/wp\/v2\/pages"}],"about":[{"href":"https:\/\/www.posadadelparque.cl\/2014\/wp-json\/wp\/v2\/types\/page"}],"author":[{"embeddable":true,"href":"https:\/\/www.posadadelparque.cl\/2014\/wp-json\/wp\/v2\/users\/1"}],"replies":[{"embeddable":true,"href":"https:\/\/www.posadadelparque.cl\/2014\/wp-json\/wp\/v2\/comments?post=186"}],"version-history":[{"count":18,"href":"https:\/\/www.posadadelparque.cl\/2014\/wp-json\/wp\/v2\/pages\/186\/revisions"}],"predecessor-version":[{"id":3079,"href":"https:\/\/www.posadadelparque.cl\/2014\/wp-json\/wp\/v2\/pages\/186\/revisions\/3079"}],"wp:attachment":[{"href":"https:\/\/www.posadadelparque.cl\/2014\/wp-json\/wp\/v2\/media?parent=186"}],"curies":[{"name":"wp","href":"https:\/\/api.w.org\/{rel}","templated":true}]}}