{"id":166,"date":"2014-03-10T14:39:17","date_gmt":"2014-03-10T14:39:17","guid":{"rendered":"https:\/\/www.posadadelparque.cl\/2014\/?page_id=166"},"modified":"2024-04-28T18:13:57","modified_gmt":"2024-04-28T22:13:57","slug":"eventos","status":"publish","type":"page","link":"https:\/\/www.posadadelparque.cl\/2014\/eventos\/","title":{"rendered":"EVENTOS"},"content":{"rendered":"\n<p>La versatilidad de nuestra Posada permite el desarrollo de los m\u00e1s variados eventos, asign\u00e1ndoles ese car\u00e1cter de diferente e inolvidable, atributos que podemos garantizar dadas las caracter\u00edsticas del lugar y el trato familiar con que es tratado nuestro visitante.<\/p>\n\n\n\n<p>Es as\u00ed que lo invitamos a pasar un d\u00eda inolvidable en nuestra Posada y en el fundo. Proporcionamos servicio de restaurant y a su vez existe la posibilidad de arrendar las instalaciones y estar junto a su familia disfrutando de un rico asado, preparado por ustedes mismos sin el servicio de restaurant, ya que solo hacen utilizaci\u00f3n de parrilla y mesones.<br>Pasamos a detallar algunos de los eventos que realizamos:<\/p>\n\n\n\n<div class=\"wp-block-columns is-layout-flex wp-container-core-columns-is-layout-9d6595d7 wp-block-columns-is-layout-flex\">\n<div class=\"wp-block-column is-layout-flow wp-block-column-is-layout-flow\">\n<figure class=\"wp-block-image size-full\"><a href=\"https:\/\/www.posadadelparque.cl\/2014\/wp-content\/uploads\/2020\/04\/CUMPLEA\u00d1OS-2020-4.jpg\"><img loading=\"lazy\" decoding=\"async\" width=\"965\" height=\"724\" src=\"https:\/\/www.posadadelparque.cl\/2014\/wp-content\/uploads\/2020\/04\/CUMPLEA\u00d1OS-2020-4.jpg\" alt=\"\" class=\"wp-image-1612\" srcset=\"https:\/\/www.posadadelparque.cl\/2014\/wp-content\/uploads\/2020\/04\/CUMPLEA\u00d1OS-2020-4.jpg 965w, https:\/\/www.posadadelparque.cl\/2014\/wp-content\/uploads\/2020\/04\/CUMPLEA\u00d1OS-2020-4-300x225.jpg 300w, https:\/\/www.posadadelparque.cl\/2014\/wp-content\/uploads\/2020\/04\/CUMPLEA\u00d1OS-2020-4-768x576.jpg 768w\" sizes=\"auto, (max-width: 965px) 100vw, 965px\" \/><\/a><\/figure>\n\n\n\n<h2 class=\"wp-block-heading\">Cumplea\u00f1os Aventurero<\/h2>\n\n\n\n<p>Con actividades recreativas como b\u00fasqueda del tesoro entre medio de bosques, donde se hace un recorrido en dunas, adem\u00e1s de competencias variadas, como yincana, carrera de sacos, carreras con obst\u00e1culos, circuito aventurero de 1 hora donde se desarrollan las habilidades de los ni\u00f1os, como escalar con cuerda, trabajo en equipo, conocimiento de flora y fauna, etc.<br><strong>Celebraciones de cumplea\u00f1os adultos, Celebraciones de Bautizos, Primeras Comuniones, Confirmaciones, Matrimonios, Aniversarios y otros.<\/strong><\/p>\n\n\n\n<div class=\"wp-block-buttons is-layout-flex wp-block-buttons-is-layout-flex\">\n<div class=\"wp-block-button\"><a class=\"wp-block-button__link wp-element-button\" href=\"https:\/\/www.posadadelparque.cl\/2014\/wp-content\/uploads\/2021\/11\/Programa-Cumpleanos-Aventurero-2021.doc\" target=\"_blank\" rel=\"noreferrer noopener\">Ver programa y valores (.doc)<\/a><\/div>\n<\/div>\n<\/div>\n\n\n\n<div class=\"wp-block-column is-layout-flow wp-block-column-is-layout-flow\">\n<figure class=\"wp-block-image size-full\"><a href=\"https:\/\/www.posadadelparque.cl\/2014\/wp-content\/uploads\/2014\/03\/176.png\"><img loading=\"lazy\" decoding=\"async\" width=\"800\" height=\"538\" src=\"https:\/\/www.posadadelparque.cl\/2014\/wp-content\/uploads\/2014\/03\/176.png\" alt=\"\" class=\"wp-image-326\" srcset=\"https:\/\/www.posadadelparque.cl\/2014\/wp-content\/uploads\/2014\/03\/176.png 800w, https:\/\/www.posadadelparque.cl\/2014\/wp-content\/uploads\/2014\/03\/176-300x201.png 300w\" sizes=\"auto, (max-width: 800px) 100vw, 800px\" \/><\/a><\/figure>\n\n\n\n<h2 class=\"wp-block-heading\">Programa Geomar (actividad reestructur\u00e1ndose)<\/h2>\n\n\n\n<p><s>Circuito Kayak, box Lunch y Cabalgata. Incluye Gu\u00eda. Duraci\u00f3n: todo el d\u00eda.<\/s><br><del><strong>Valor por persona: $33.000.- Iva incluido<\/strong><\/del><\/p>\n<\/div>\n<\/div>\n\n\n\n<div class=\"wp-block-columns is-layout-flex wp-container-core-columns-is-layout-9d6595d7 wp-block-columns-is-layout-flex\">\n<div class=\"wp-block-column is-layout-flow wp-block-column-is-layout-flow\">\n<figure class=\"wp-block-image size-full\"><a href=\"https:\/\/www.posadadelparque.cl\/2014\/wp-content\/uploads\/2014\/07\/posada1.jpg\"><img loading=\"lazy\" decoding=\"async\" width=\"800\" height=\"538\" src=\"https:\/\/www.posadadelparque.cl\/2014\/wp-content\/uploads\/2014\/07\/posada1.jpg\" alt=\"\" class=\"wp-image-718\" srcset=\"https:\/\/www.posadadelparque.cl\/2014\/wp-content\/uploads\/2014\/07\/posada1.jpg 800w, https:\/\/www.posadadelparque.cl\/2014\/wp-content\/uploads\/2014\/07\/posada1-300x201.jpg 300w\" sizes=\"auto, (max-width: 800px) 100vw, 800px\" \/><\/a><\/figure>\n\n\n\n<h2 class=\"wp-block-heading\">Programa Ecotour (actividad reestructur\u00e1ndose)<\/h2>\n\n\n\n<p><s>Actividad de todo el d\u00eda guiada que incluye Cabalgata, comida hogare\u00f1a de Posada, Caminata Oceanica o Kayak y para finalizar un canelazo o chocolate caliente alrededor del fog\u00f3n.<\/s><\/p>\n\n\n\n<p><del><strong>Valor por persona: $36.000.- Iva incluido<\/strong><\/del><\/p>\n<\/div>\n\n\n\n<div class=\"wp-block-column is-layout-flow wp-block-column-is-layout-flow\">\n<figure class=\"wp-block-image size-large\"><a href=\"https:\/\/www.posadadelparque.cl\/2014\/wp-content\/uploads\/2014\/12\/FrancesesPatagoniasinfronteras.jpg\"><img loading=\"lazy\" decoding=\"async\" width=\"1024\" height=\"682\" src=\"https:\/\/www.posadadelparque.cl\/2014\/wp-content\/uploads\/2014\/12\/FrancesesPatagoniasinfronteras-1024x682.jpg\" alt=\"\" class=\"wp-image-769\" srcset=\"https:\/\/www.posadadelparque.cl\/2014\/wp-content\/uploads\/2014\/12\/FrancesesPatagoniasinfronteras-1024x682.jpg 1024w, https:\/\/www.posadadelparque.cl\/2014\/wp-content\/uploads\/2014\/12\/FrancesesPatagoniasinfronteras-300x199.jpg 300w, https:\/\/www.posadadelparque.cl\/2014\/wp-content\/uploads\/2014\/12\/FrancesesPatagoniasinfronteras.jpg 1280w\" sizes=\"auto, (max-width: 1024px) 100vw, 1024px\" \/><\/a><\/figure>\n\n\n\n<h2 class=\"wp-block-heading\">Programa Traves\u00eda Campestre (actividad reestructur\u00e1ndose)<\/h2>\n\n\n\n<p><s>Actividad de todo el d\u00eda guiada que incluye Cabalgata, Asado campestre, Caminata Oce\u00e1nica o Kayak y para finalizar un canelazo o chocolate caliente alrededor del fog\u00f3n.<\/s><\/p>\n\n\n\n<p><del><strong>Valor por persona: $43.500.- Iva incluido<\/strong><\/del><\/p>\n<\/div>\n<\/div>\n\n\n\n<div class=\"wp-block-buttons is-horizontal is-content-justification-center is-layout-flex wp-container-core-buttons-is-layout-499968f5 wp-block-buttons-is-layout-flex\">\n<div class=\"wp-block-button\"><a class=\"wp-block-button__link wp-element-button\" href=\"\/reservas\/\">Reserva tu evento ac\u00e1<\/a><\/div>\n<\/div>\n\n\n\n<h2 class=\"wp-block-heading\">Pol\u00edticas de Anulaci\u00f3n<\/h2>\n\n\n\n<p>En el caso de que el abono est\u00e9 hecho y haya un cambio de fecha o anulaci\u00f3n con 10 d\u00edas de anticipaci\u00f3n, se hace la devoluci\u00f3n del 100%.<br>En el caso de que la anulaci\u00f3n o cambio de fecha sea con 4 d\u00edas de anticipaci\u00f3n se hace devoluci\u00f3n del 70% del abono.<br>Por otro lado, si hay anulaci\u00f3n el mismo d\u00eda por razones de fuerza mayor, ya sea condiciones clim\u00e1ticas, accidentes u otros, no hay problema en cambiar la fecha, si fuera as\u00ed, del abono, se descontar\u00eda solo un 50% correspondiente a movilizaci\u00f3n y gastos del personal extra y compras realizadas (perecibles) y en el caso de anular el evento hay una devoluci\u00f3n del 30%.<\/p>\n","protected":false},"excerpt":{"rendered":"<p>La versatilidad de nuestra Posada permite el desarrollo de los m\u00e1s variados eventos, asign\u00e1ndoles ese car\u00e1cter de diferente e inolvidable, atributos que podemos garantizar dadas las caracter\u00edsticas del lugar y el trato familiar con que es tratado nuestro visitante. Es as\u00ed que lo invitamos a pasar un d\u00eda inolvidable en nuestra Posada y en el fundo. Proporcionamos servicio de restaurant y a su vez existe la posibilidad de arrendar las instalaciones y estar junto a su familia disfrutando de un rico asado, preparado por ustedes mismos sin el servicio de restaurant, ya que solo hacen utilizaci\u00f3n de parrilla y mesones.Pasamos&#8230;<\/p>\n","protected":false},"author":1,"featured_media":0,"parent":0,"menu_order":0,"comment_status":"open","ping_status":"open","template":"","meta":{"footnotes":""},"class_list":["post-166","page","type-page","status-publish","hentry"],"_links":{"self":[{"href":"https:\/\/www.posadadelparque.cl\/2014\/wp-json\/wp\/v2\/pages\/166","targetHints":{"allow":["GET"]}}],"collection":[{"href":"https:\/\/www.posadadelparque.cl\/2014\/wp-json\/wp\/v2\/pages"}],"about":[{"href":"https:\/\/www.posadadelparque.cl\/2014\/wp-json\/wp\/v2\/types\/page"}],"author":[{"embeddable":true,"href":"https:\/\/www.posadadelparque.cl\/2014\/wp-json\/wp\/v2\/users\/1"}],"replies":[{"embeddable":true,"href":"https:\/\/www.posadadelparque.cl\/2014\/wp-json\/wp\/v2\/comments?post=166"}],"version-history":[{"count":36,"href":"https:\/\/www.posadadelparque.cl\/2014\/wp-json\/wp\/v2\/pages\/166\/revisions"}],"predecessor-version":[{"id":2739,"href":"https:\/\/www.posadadelparque.cl\/2014\/wp-json\/wp\/v2\/pages\/166\/revisions\/2739"}],"wp:attachment":[{"href":"https:\/\/www.posadadelparque.cl\/2014\/wp-json\/wp\/v2\/media?parent=166"}],"curies":[{"name":"wp","href":"https:\/\/api.w.org\/{rel}","templated":true}]}}