{"id":1356,"date":"2017-01-20T19:10:11","date_gmt":"2017-01-20T22:10:11","guid":{"rendered":"https:\/\/www.posadadelparque.cl\/2014\/?page_id=1356"},"modified":"2018-03-23T17:13:44","modified_gmt":"2018-03-23T20:13:44","slug":"booking-com-guest-review-awards","status":"publish","type":"page","link":"https:\/\/www.posadadelparque.cl\/2014\/booking-com-guest-review-awards\/","title":{"rendered":"Booking.com guest review awards"},"content":{"rendered":"<p><a href=\"https:\/\/www.posadadelparque.cl\/2014\/wp-content\/uploads\/2018\/03\/booking-2017.png\"><img loading=\"lazy\" decoding=\"async\" src=\"https:\/\/www.posadadelparque.cl\/2014\/wp-content\/uploads\/2018\/03\/booking-2017.png\" alt=\"\" width=\"600\" height=\"600\" class=\"aligncenter size-full wp-image-1534\" srcset=\"https:\/\/www.posadadelparque.cl\/2014\/wp-content\/uploads\/2018\/03\/booking-2017.png 600w, https:\/\/www.posadadelparque.cl\/2014\/wp-content\/uploads\/2018\/03\/booking-2017-150x150.png 150w, https:\/\/www.posadadelparque.cl\/2014\/wp-content\/uploads\/2018\/03\/booking-2017-300x300.png 300w\" sizes=\"auto, (max-width: 600px) 100vw, 600px\" \/><\/a><\/p>\n<div class=\"style_box style-blue text-center box-icon-size32\">\n<div class=\"icon-size32 ci32-sprite ci32-heart\"><\/div>\n<p>\u00a1Gracias a todos nuestros hu\u00e9spedes de Booking.com por esta fant\u00e1stica puntuaci\u00f3n! #guestsloveus<\/p><\/div>\n","protected":false},"excerpt":{"rendered":"","protected":false},"author":1,"featured_media":0,"parent":0,"menu_order":0,"comment_status":"closed","ping_status":"closed","template":"","meta":{"footnotes":""},"class_list":["post-1356","page","type-page","status-publish","hentry"],"_links":{"self":[{"href":"https:\/\/www.posadadelparque.cl\/2014\/wp-json\/wp\/v2\/pages\/1356","targetHints":{"allow":["GET"]}}],"collection":[{"href":"https:\/\/www.posadadelparque.cl\/2014\/wp-json\/wp\/v2\/pages"}],"about":[{"href":"https:\/\/www.posadadelparque.cl\/2014\/wp-json\/wp\/v2\/types\/page"}],"author":[{"embeddable":true,"href":"https:\/\/www.posadadelparque.cl\/2014\/wp-json\/wp\/v2\/users\/1"}],"replies":[{"embeddable":true,"href":"https:\/\/www.posadadelparque.cl\/2014\/wp-json\/wp\/v2\/comments?post=1356"}],"version-history":[{"count":9,"href":"https:\/\/www.posadadelparque.cl\/2014\/wp-json\/wp\/v2\/pages\/1356\/revisions"}],"predecessor-version":[{"id":1536,"href":"https:\/\/www.posadadelparque.cl\/2014\/wp-json\/wp\/v2\/pages\/1356\/revisions\/1536"}],"wp:attachment":[{"href":"https:\/\/www.posadadelparque.cl\/2014\/wp-json\/wp\/v2\/media?parent=1356"}],"curies":[{"name":"wp","href":"https:\/\/api.w.org\/{rel}","templated":true}]}}